{"id":9061,"date":"2024-02-29T11:54:20","date_gmt":"2024-02-29T11:54:20","guid":{"rendered":"https:\/\/modra.si\/pomembnejsi-dokumenti\/"},"modified":"2026-03-10T09:04:40","modified_gmt":"2026-03-10T09:04:40","slug":"important-documents","status":"publish","type":"page","link":"https:\/\/modra.si\/en\/important-documents\/","title":{"rendered":"Important documents"},"content":{"rendered":"\n<h2 class=\"wp-block-heading\">Delovanje na skup\u0161\u010dinah<\/h2>\n\n<p class=\"wp-block-paragraph\">Modra zavarovalnica v nadaljevanju razkriva svoje delovanje na skup\u0161\u010dinah gospodarskih dru\u017eb s sede\u017eem v Republiki Sloveniji, v katerih ima kapitalski dele\u017e.<\/p>\n\n<p class=\"wp-block-paragraph\"><a href=\"\/en\/?page_id=9064\">Arhiv objav delovanja na skup\u0161\u010dinah <\/a><\/p>\n\n<div style=\"height:40px\" aria-hidden=\"true\" class=\"wp-block-spacer\"><\/div>\n\n<h2 class=\"wp-block-heading\">Nalo\u017ebena strategija<\/h2>\n\n<p class=\"wp-block-paragraph\">Nalo\u017ebena strategija zavarovalnice igra klju\u010dno vlogo pri zagotavljanju trajnostne in donosne rasti njenih sredstev, hkrati pa mora biti skladna s profilom in trajanjem obveznosti, \u0161e posebej dolgoro\u010dnih. V ospredju tak\u0161ne strategije so \u0161tevilni elementi, ki so usmerjeni v dolgoro\u010dno varnost in donosnost portfelja.<\/p>\n\n<p class=\"wp-block-paragraph\"><a href=\"https:\/\/modra.si\/wp-content\/uploads\/2024\/03\/Glavni-elementi-nalozbene-stragije-modre-zavarovalnice.pdf\">Elementi nalo\u017ebene strategije Modre zavarovalnice<\/a> <\/p>\n\n<div style=\"height:40px\" aria-hidden=\"true\" class=\"wp-block-spacer\"><\/div>\n\n<h2 class=\"wp-block-heading\">Politika sodelovanja<\/h2>\n\n<p class=\"wp-block-paragraph\">Politika je pripravljena v skladu z Zakonom o gospodarskih dru\u017ebah (ZGD-1) ter z namenom doseganja ve\u010dje preglednosti nalo\u017ebenih strategij. Nana\u0161a se na dejavnost \u017eivljenjskega zavarovanja.<\/p>\n\n<p class=\"wp-block-paragraph\"><a href=\"https:\/\/modra.si\/wp-content\/uploads\/2024\/03\/Politika-sodelovanja-Modra-zavarovalnica.pdf\">Politika sodelovanja<\/a><\/p>\n\n<div style=\"height:40px\" aria-hidden=\"true\" class=\"wp-block-spacer\"><\/div>\n\n<h2 class=\"wp-block-heading\">Politika prejemkov<\/h2>\n\n<p class=\"wp-block-paragraph\">Politika prejemkov dru\u017ebe Modra zavarovalnica, d. d., velja za \u010dlane uprave, klju\u010dne funkcije v dru\u017ebi in \u010dlane nadzornega sveta in njegovih komisij ter vse zaposlene. Spodbuja dolgoro\u010dno vzdr\u017enost dru\u017ebe in zagotavlja, da so prejemki v skladu z dose\u017eenimi rezultati, finan\u010dnim stanjem dru\u017ebe in poslovno strategijo dru\u017ebe ter spodbuja zanesljivo in u\u010dinkovito upravljanje tveganj.<\/p>\n\n<p class=\"wp-block-paragraph\"><a href=\"https:\/\/modra.si\/wp-content\/uploads\/2024\/03\/Politika-sodelovanja-Modra-zavarovalnica.pdf\">Politika <\/a><a href=\"https:\/\/modra.si\/wp-content\/uploads\/2025\/06\/Politika-prejemkov-v-Modri-zavarovalnici.pdf\" target=\"_blank\" rel=\"noreferrer noopener\">prejemkov<\/a><\/p>\n\n<div style=\"height:40px\" aria-hidden=\"true\" class=\"wp-block-spacer\"><\/div>\n\n<h2 class=\"wp-block-heading\">Poro\u010dila o solventnosti<\/h2>\n\n<h3 class=\"wp-block-heading\">Poro\u010dilo o solventnosti in finan\u010dnem polo\u017eaju zavarovalnice<\/h3>\n\n<p class=\"wp-block-paragraph\"><a href=\"\/en\/?page_id=9067\">Arhiv poro\u010dil o solventnosti<\/a><\/p>\n\n<p class=\"wp-block-paragraph\">Poro\u010dilo vsebuje predstavitev poslovanja in uspe\u0161nosti zavarovalnice, njen sistem upravljanja, profil tveganj, uporabljenih metod vrednotenja za namen solventnosti in upravljanje kapitala zavarovalnice.<\/p>\n\n<ul class=\"wp-block-list\">\n<li><a href=\"https:\/\/modra.si\/wp-content\/uploads\/2025\/04\/Revidirano-SFCR-porocilo-2024.pdf\" target=\"_blank\" rel=\"noreferrer noopener\">Poro\u010dilo o solventnosti in finan\u010dnem polo\u017eaju Modre zavarovalnice za leto 2024<\/a><\/li>\n<\/ul>\n\n<div style=\"height:40px\" aria-hidden=\"true\" class=\"wp-block-spacer\"><\/div>\n\n<h2 class=\"wp-block-heading\">Razkritja, povezana s\u00a0trajnostnostjo<\/h2>\n\n<h3 class=\"wp-block-heading\">Poro\u010dilo o politiki trajnostnega razvoja zavarovalnice<\/h3>\n\n<p class=\"wp-block-paragraph\">Poro\u010dilo vsebuje usmeritve politike, s katero se dolo\u010dajo aktivnosti, povezane s trajnostnim razvojem, ki je ena izmed pomembnih usmeritev Modre zavarovalnice, d. d. <\/p>\n\n<ul class=\"wp-block-list\">\n<li><a href=\"https:\/\/modra.si\/wp-content\/uploads\/2024\/02\/Politika-trajnostnega-razvoja-Modre-zavarovalnice.pdf\" target=\"_blank\" rel=\"noreferrer noopener\">Politika trajnostnega razvoja Modre zavarovalnice, d. d.<\/a><\/li>\n<\/ul>\n\n<h3 class=\"wp-block-heading\">Izjava Modre zavarovalnice o upo\u0161tevanju trajnostnih na\u010del<\/h3>\n\n<p class=\"wp-block-paragraph\">V Modri zavarovalnici upo\u0161tevamo na\u010delo trajnosti v okviru pravil skrbnega in varnega poslovanja ter na\u010dela preudarne osebe. <\/p>\n\n<ul class=\"wp-block-list\">\n<li><a href=\"https:\/\/modra.si\/wp-content\/uploads\/2024\/04\/Izjava-o-upostevanju-trajnostnih-nacel-Modre_april-2025.pdf\" target=\"_blank\" rel=\"noreferrer noopener\">Izjava Modre zavarovalnice o upo\u0161tevanju trajnostnih na\u010del<\/a><\/li>\n\n\n\n<li><a href=\"https:\/\/modra.si\/wp-content\/uploads\/2024\/04\/Brez-upostevanja-skodljivih-vplivov-investicijskih-odlocitev-na-dejavnike-trajnostnosti.pdf\" target=\"_blank\" rel=\"noreferrer noopener\">Brez upo\u0161tevanja \u0161kodljivih vplivov investicijskih odlo\u010ditev na dejavnike trajnosti<\/a>\u00a0<\/li>\n<\/ul>\n\n<div style=\"height:40px\" aria-hidden=\"true\" class=\"wp-block-spacer\"><\/div>\n\n<h2 class=\"wp-block-heading\">Eti\u010dni kodeks<\/h2>\n\n<h3 class=\"wp-block-heading\">Eti\u010dni kodeks Modre zavarovalnice, d. d.<\/h3>\n\n<p class=\"wp-block-paragraph\">Eti\u010dni kodeks dolo\u010da osnovna pravila za zaposlene vklju\u010dno s \u010dlani upravnih in nadzornih teles, opredeljuje temeljne vrednote zavarovalnice, predstavlja okvir pravne skladnosti, po\u0161tenosti in eti\u010dnega ravnanja ter je osnova organizacijske kulture podjetja. <\/p>\n\n<ul class=\"wp-block-list\">\n<li><a href=\"https:\/\/modra.si\/wp-content\/uploads\/2024\/02\/Eticni-kodeks-Modre-zavarovalnice.pdf\" target=\"_blank\" rel=\"noreferrer noopener\">Eti\u010dni kodeks Modre zavarovalnice, d. d.<\/a><\/li>\n<\/ul>\n\n<div style=\"height:40px\" aria-hidden=\"true\" class=\"wp-block-spacer\"><\/div>\n\n<h2 class=\"wp-block-heading\">Seznam zavarovalnih zastopnikov pri Modri zavarovalnici<\/h2>\n\n<ul class=\"wp-block-list\">\n<li><a href=\"https:\/\/modra.si\/wp-content\/uploads\/2024\/09\/Register-zastopnikov-posrednikov-Modra.pdf\" target=\"_blank\" rel=\"noreferrer noopener\">Seznam zavarovalnih zastopnikov<\/a><\/li>\n<\/ul>\n\n<div style=\"height:100px\" aria-hidden=\"true\" class=\"wp-block-spacer\"><\/div>\n","protected":false},"excerpt":{"rendered":"<p>Delovanje na skup\u0161\u010dinah Modra zavarovalnica v nadaljevanju razkriva svoje delovanje na skup\u0161\u010dinah gospodarskih dru\u017eb s sede\u017eem v Republiki Sloveniji, v katerih ima kapitalski dele\u017e. Arhiv objav delovanja na skup\u0161\u010dinah Nalo\u017ebena strategija Nalo\u017ebena strategija zavarovalnice igra klju\u010dno vlogo pri zagotavljanju trajnostne in donosne rasti njenih sredstev, hkrati pa mora biti skladna s profilom in trajanjem obveznosti, [&hellip;]<\/p>\n","protected":false},"author":2,"featured_media":0,"parent":0,"menu_order":0,"comment_status":"closed","ping_status":"closed","template":"","meta":{"_acf_changed":false,"_crdt_document":"","inline_featured_image":false,"footnotes":""},"class_list":["post-9061","page","type-page","status-publish","hentry"],"acf":[],"yoast_head":"<!-- This site is optimized with the Yoast SEO plugin v27.4 - https:\/\/yoast.com\/product\/yoast-seo-wordpress\/ -->\n<title>Pomembnej\u0161i dokumenti - Modra zavarovalnica, d.d.<\/title>\n<meta name=\"description\" content=\"Na tej povezavi si lahko ogledate seznam pomembnej\u0161ih dokumentov Modre zavarovalnice. Od nalo\u017ebene strategije, solventnosti in trajnostnosti.\" \/>\n<meta name=\"robots\" content=\"index, follow, max-snippet:-1, max-image-preview:large, max-video-preview:-1\" \/>\n<link rel=\"canonical\" href=\"https:\/\/modra.si\/en\/important-documents\/\" \/>\n<meta property=\"og:locale\" content=\"en_US\" \/>\n<meta property=\"og:type\" content=\"article\" \/>\n<meta property=\"og:title\" content=\"Pomembnej\u0161i dokumenti - Modra zavarovalnica, d.d.\" \/>\n<meta property=\"og:description\" content=\"Na tej povezavi si lahko ogledate seznam pomembnej\u0161ih dokumentov Modre zavarovalnice. Od nalo\u017ebene strategije, solventnosti in trajnostnosti.\" \/>\n<meta property=\"og:url\" content=\"https:\/\/modra.si\/en\/important-documents\/\" \/>\n<meta property=\"og:site_name\" content=\"Modra zavarovalnica\" \/>\n<meta property=\"article:modified_time\" content=\"2026-03-10T09:04:40+00:00\" \/>\n<meta property=\"og:image\" content=\"https:\/\/modra.si\/wp-content\/uploads\/2026\/02\/Novice.jpg\" \/>\n<meta name=\"twitter:card\" content=\"summary_large_image\" \/>\n<meta name=\"twitter:label1\" content=\"Est. reading time\" \/>\n\t<meta name=\"twitter:data1\" content=\"2 minutes\" \/>\n<script type=\"application\/ld+json\" class=\"yoast-schema-graph\">{\"@context\":\"https:\\\/\\\/schema.org\",\"@graph\":[{\"@type\":\"WebPage\",\"@id\":\"https:\\\/\\\/modra.si\\\/en\\\/important-documents\\\/\",\"url\":\"https:\\\/\\\/modra.si\\\/en\\\/important-documents\\\/\",\"name\":\"Pomembnej\u0161i dokumenti - Modra zavarovalnica, d.d.\",\"isPartOf\":{\"@id\":\"https:\\\/\\\/modra.si\\\/en\\\/#website\"},\"datePublished\":\"2024-02-29T11:54:20+00:00\",\"dateModified\":\"2026-03-10T09:04:40+00:00\",\"description\":\"Na tej povezavi si lahko ogledate seznam pomembnej\u0161ih dokumentov Modre zavarovalnice. Od nalo\u017ebene strategije, solventnosti in trajnostnosti.\",\"breadcrumb\":{\"@id\":\"https:\\\/\\\/modra.si\\\/en\\\/important-documents\\\/#breadcrumb\"},\"inLanguage\":\"en-US\",\"potentialAction\":[{\"@type\":\"ReadAction\",\"target\":[\"https:\\\/\\\/modra.si\\\/en\\\/important-documents\\\/\"]}]},{\"@type\":\"BreadcrumbList\",\"@id\":\"https:\\\/\\\/modra.si\\\/en\\\/important-documents\\\/#breadcrumb\",\"itemListElement\":[{\"@type\":\"ListItem\",\"position\":1,\"name\":\"Home\",\"item\":\"https:\\\/\\\/modra.si\\\/en\\\/\"},{\"@type\":\"ListItem\",\"position\":2,\"name\":\"Important documents\"}]},{\"@type\":\"WebSite\",\"@id\":\"https:\\\/\\\/modra.si\\\/en\\\/#website\",\"url\":\"https:\\\/\\\/modra.si\\\/en\\\/\",\"name\":\"Modra zavarovalnica\",\"description\":\"Dobrodo\u0161li!\",\"potentialAction\":[{\"@type\":\"SearchAction\",\"target\":{\"@type\":\"EntryPoint\",\"urlTemplate\":\"https:\\\/\\\/modra.si\\\/en\\\/?s={search_term_string}\"},\"query-input\":{\"@type\":\"PropertyValueSpecification\",\"valueRequired\":true,\"valueName\":\"search_term_string\"}}],\"inLanguage\":\"en-US\"}]}<\/script>\n<!-- \/ Yoast SEO plugin. -->","yoast_head_json":{"title":"Pomembnej\u0161i dokumenti - Modra zavarovalnica, d.d.","description":"Na tej povezavi si lahko ogledate seznam pomembnej\u0161ih dokumentov Modre zavarovalnice. Od nalo\u017ebene strategije, solventnosti in trajnostnosti.","robots":{"index":"index","follow":"follow","max-snippet":"max-snippet:-1","max-image-preview":"max-image-preview:large","max-video-preview":"max-video-preview:-1"},"canonical":"https:\/\/modra.si\/en\/important-documents\/","og_locale":"en_US","og_type":"article","og_title":"Pomembnej\u0161i dokumenti - Modra zavarovalnica, d.d.","og_description":"Na tej povezavi si lahko ogledate seznam pomembnej\u0161ih dokumentov Modre zavarovalnice. Od nalo\u017ebene strategije, solventnosti in trajnostnosti.","og_url":"https:\/\/modra.si\/en\/important-documents\/","og_site_name":"Modra zavarovalnica","article_modified_time":"2026-03-10T09:04:40+00:00","og_image":[{"url":"https:\/\/modra.si\/wp-content\/uploads\/2026\/02\/Novice.jpg","type":"","width":"","height":""}],"twitter_card":"summary_large_image","twitter_misc":{"Est. reading time":"2 minutes"},"schema":{"@context":"https:\/\/schema.org","@graph":[{"@type":"WebPage","@id":"https:\/\/modra.si\/en\/important-documents\/","url":"https:\/\/modra.si\/en\/important-documents\/","name":"Pomembnej\u0161i dokumenti - Modra zavarovalnica, d.d.","isPartOf":{"@id":"https:\/\/modra.si\/en\/#website"},"datePublished":"2024-02-29T11:54:20+00:00","dateModified":"2026-03-10T09:04:40+00:00","description":"Na tej povezavi si lahko ogledate seznam pomembnej\u0161ih dokumentov Modre zavarovalnice. Od nalo\u017ebene strategije, solventnosti in trajnostnosti.","breadcrumb":{"@id":"https:\/\/modra.si\/en\/important-documents\/#breadcrumb"},"inLanguage":"en-US","potentialAction":[{"@type":"ReadAction","target":["https:\/\/modra.si\/en\/important-documents\/"]}]},{"@type":"BreadcrumbList","@id":"https:\/\/modra.si\/en\/important-documents\/#breadcrumb","itemListElement":[{"@type":"ListItem","position":1,"name":"Home","item":"https:\/\/modra.si\/en\/"},{"@type":"ListItem","position":2,"name":"Important documents"}]},{"@type":"WebSite","@id":"https:\/\/modra.si\/en\/#website","url":"https:\/\/modra.si\/en\/","name":"Modra zavarovalnica","description":"Dobrodo\u0161li!","potentialAction":[{"@type":"SearchAction","target":{"@type":"EntryPoint","urlTemplate":"https:\/\/modra.si\/en\/?s={search_term_string}"},"query-input":{"@type":"PropertyValueSpecification","valueRequired":true,"valueName":"search_term_string"}}],"inLanguage":"en-US"}]}},"_links":{"self":[{"href":"https:\/\/modra.si\/en\/wp-json\/wp\/v2\/pages\/9061","targetHints":{"allow":["GET"]}}],"collection":[{"href":"https:\/\/modra.si\/en\/wp-json\/wp\/v2\/pages"}],"about":[{"href":"https:\/\/modra.si\/en\/wp-json\/wp\/v2\/types\/page"}],"author":[{"embeddable":true,"href":"https:\/\/modra.si\/en\/wp-json\/wp\/v2\/users\/2"}],"replies":[{"embeddable":true,"href":"https:\/\/modra.si\/en\/wp-json\/wp\/v2\/comments?post=9061"}],"version-history":[{"count":7,"href":"https:\/\/modra.si\/en\/wp-json\/wp\/v2\/pages\/9061\/revisions"}],"predecessor-version":[{"id":11973,"href":"https:\/\/modra.si\/en\/wp-json\/wp\/v2\/pages\/9061\/revisions\/11973"}],"wp:attachment":[{"href":"https:\/\/modra.si\/en\/wp-json\/wp\/v2\/media?parent=9061"}],"curies":[{"name":"wp","href":"https:\/\/api.w.org\/{rel}","templated":true}]}}