{"id":9063,"date":"2024-02-15T14:37:13","date_gmt":"2024-02-15T14:37:13","guid":{"rendered":"https:\/\/modra.si\/odbori-pokojninskih-skladov\/"},"modified":"2026-03-10T09:04:38","modified_gmt":"2026-03-10T09:04:38","slug":"pension-fund-committees-of-modra-zavarovalnica","status":"publish","type":"page","link":"https:\/\/modra.si\/en\/about-us\/pension-fund-committees-of-modra-zavarovalnica\/","title":{"rendered":"Pension fund committees of Modra zavarovalnica"},"content":{"rendered":"\n<h1 class=\"wp-block-heading\">Odbor Krovnega pokojninskega sklada javnih uslu\u017ebencev<\/h1>\n\n\n\n<p class=\"wp-block-paragraph\">Odbor Krovnega pokojninskega sklada javnih uslu\u017ebencev (KPSJU) je oblikovan kot posebno telo socialnih partnerjev, preko katerega se izvaja nadzor nad poslovanjem sklada KPSJU. Imenovanje odbora in njegove pristojnosti dolo\u010da Kolektivna pogodba o oblikovanju pokojninskega na\u010drta in Pravila sklada. \u010clane odbora imenuje Vlada RS in ga sestavlja 6 predstavnikov Vlade RS in 6 predstavnikov reprezentativnih sindikatov.<br>Mandat \u010dlanov odbora je 4 leta, z mo\u017enostjo ponovne izvolitve.<\/p>\n\n\n\n<div style=\"height:28px\" aria-hidden=\"true\" class=\"wp-block-spacer\"><\/div>\n\n\n\n<h2 class=\"wp-block-heading\">\u010clani odbora Krovnega pokojninskega sklada javnih uslu\u017ebencev<\/h2>\n\n\n\n<p class=\"wp-block-paragraph\">Predstavniki Vlade Republike Slovenije:<\/p>\n\n\n\n<ol class=\"wp-block-list\">\n<li>Lidija \u0160ubelj, Ministrstvo za delo, dru\u017eino, socialne zadeve in enake mo\u017enosti;<\/li>\n\n\n\n<li>Dan Juvan, Ministrstvo za delo, dru\u017eino, socialne zadeve in enake mo\u017enosti;<\/li>\n\n\n\n<li>Peter Poga\u010dar, Ministrstvo za javno upravo;<\/li>\n\n\n\n<li>Ervina Jarc, Ministrstvo za finance;<\/li>\n\n\n\n<li>Matej Grajfoner, Ministrstvo za delo, dru\u017eino, socialne zadeve in enake mo\u017enosti in<\/li>\n\n\n\n<li>Barbara Ko\u017eelj Sladi\u010d, Ministrstvo za javno upravo;<\/li>\n<\/ol>\n\n\n\n<p class=\"wp-block-paragraph\">Predstavniki reprezentativnih sindikatov javnega sektorja:<\/p>\n\n\n\n<ol start=\"7\" class=\"wp-block-list\">\n<li>mag. Nina \u0160tangl, Sindikat vzgoje, izobra\u017eevanja, znanosti in kulture Slovenije;<\/li>\n\n\n\n<li>Bojan Ravnikar, Sindikat delavcev v vzgojni, izobra\u017eevalni in raziskovalni dejavnosti Slovenije;<\/li>\n\n\n\n<li>Marjan Lah, Sindikat ministrstva za obrambo;<\/li>\n\n\n\n<li>Aljo\u0161a \u010ce\u010d, Konfederacija sindikatov Slovenije \u2013 Pergam;<\/li>\n\n\n\n<li>Irena Ile\u0161i\u010d \u010cujovi\u010d, Sindikat zdravstva in socialnega varstva Slovenije in<\/li>\n\n\n\n<li>Janez Turuk, Sindikat delavcev v zdravstveni negi Slovenije.<\/li>\n<\/ol>\n\n\n\n<div style=\"height:28px\" aria-hidden=\"true\" class=\"wp-block-spacer\"><\/div>\n\n\n\n<h2 class=\"wp-block-heading\">Pristojnosti odbora<\/h2>\n\n\n\n<ul class=\"wp-block-list\">\n<li>daje mnenje k letnemu poro\u010dilu;<\/li>\n\n\n\n<li>daje predloge sprememb pravil zaprtega vzajemnega pokojninskega sklada (v nadaljevanju ZVPS) in predloge sprememb pokojninskega na\u010drta;<\/li>\n\n\n\n<li>daje soglasje k predlogu sprememb pravil ZVPS in predloge sprememb pokojninskega na\u010drta, ki niso predmet kolektivne pogodbe;<\/li>\n\n\n\n<li>obravnava in daje mnenje k spremembi nalo\u017ebene politike ZVPS;<\/li>\n\n\n\n<li>daje predhodno mnenje k statusnim spremembam in spremembam v lastni\u0161ki strukturi upravljavca ZVPS;<\/li>\n\n\n\n<li>predlaga predstavnike odbora sklada v nadzorni svet upravljavca ZVPS, skladno s pogodbo o upravljanju ZVPS;<\/li>\n\n\n\n<li>predlaga spremembe stro\u0161kov in provizije upravljavca ZVPS;<\/li>\n\n\n\n<li>predlaga prenos upravljanja ZVPS k drugemu upravljavcu;<\/li>\n\n\n\n<li>preverja uspe\u0161nost poslovanja glede na dose\u017eeno donosnost in glede na dose\u017eeno donosnost v primerjavi z drugimi izvajalci;<\/li>\n\n\n\n<li>obravnava in daje mnenje k poro\u010dilom upravljavca ZVPS o tveganjih, katerim je ZVPS izpostavljen;<\/li>\n\n\n\n<li>preverja kapitalsko ustreznost upravljavca ZVPS;<\/li>\n\n\n\n<li>obravnava na\u010din in pravilnost obve\u0161\u010danja ustanovitelja ZVPS zavezancev za pla\u010dilo in \u010dlanov ZVPS;<\/li>\n\n\n\n<li>obravnava poro\u010dilo o pravilnosti obra\u010dunavanja in nakazovanja (rokovno in po vi\u0161ini) premij na osebne ra\u010dune ter o mirovanju pla\u010devanja premij;<\/li>\n\n\n\n<li>obravnava poro\u010dilo o pripisu donosov (datum in vi\u0161ina) na osebne ra\u010dune;<\/li>\n\n\n\n<li>spremlja izra\u010dun enote premo\u017eenja;<\/li>\n\n\n\n<li>obravnava poro\u010dilo o prito\u017ebah \u010dlanov ZVPS;<\/li>\n\n\n\n<li>drugo.<\/li>\n<\/ul>\n\n\n\n<p class=\"wp-block-paragraph\">Odbor sprejema in objavlja ugotovitvene sklepe o vi\u0161ini premij in drugih vpra\u0161anjih izvajanja zavarovanja.<br>O svojem delu odbor enkrat letno poro\u010da Vladi Republike Slovenije.<\/p>\n\n\n\n<div style=\"height:40px\" aria-hidden=\"true\" class=\"wp-block-spacer\"><\/div>\n\n\n\n<h1 class=\"wp-block-heading\">Odbor Modrega krovnega pokojninskega sklada<\/h1>\n\n\n\n<p class=\"wp-block-paragraph\">Odbor Modrega krovnega pokojninskega sklada (MKPS) je oblikovan kot poseben organ predstavnikov \u010dlanov MKPS in delodajalcev, ki delno ali v celoti v korist \u010dlanov MKPS pla\u010dujejo premijo dodatnega pokojninskega zavarovanja. Odbor \u0161teje do 12 \u010dlanov in jih imenuje nadzorni svet zavarovalnice. \u010clani odbora delujejo neodvisno in z upravljavcem pokojninskega sklada niso povezani na na\u010din, ki bi lahko vodil v konflikt interesov.<\/p>\n\n\n\n<p class=\"wp-block-paragraph\">Mandat \u010dlanov odbora je 4 leta, z mo\u017enostjo ponovne izvolitve.<\/p>\n\n\n\n<div style=\"height:28px\" aria-hidden=\"true\" class=\"wp-block-spacer\"><\/div>\n\n\n\n<h2 class=\"wp-block-heading\">\u010clani odbora Modrega krovnega pokojninskega sklada<\/h2>\n\n\n\n<ol class=\"wp-block-list\">\n<li>Marko Cvetko, predstavnik \u010dlanov sklada;<\/li>\n\n\n\n<li>Brane Kastelec, predstavnik \u010dlanov sklada;<\/li>\n\n\n\n<li>Luka Kocina, predstavnik delodajalcev;<\/li>\n\n\n\n<li>Ur\u0161ka Ga\u0161perlin, predstavnica \u010dlanov sklada;<\/li>\n\n\n\n<li>Darijo Vrabec, predstavnik delodajalcev;<\/li>\n\n\n\n<li>Ur\u0161a Grbac, predstavnica delodajalcev;<\/li>\n\n\n\n<li>Bojana Kranjc, predstavnica \u010dlanov sklada;<\/li>\n\n\n\n<li>Jernej Gregorin, predstavnik \u010dlanov sklada;<\/li>\n\n\n\n<li>Simon Lamot, predstavnik \u010dlanov sklada;<\/li>\n\n\n\n<li>Stefan Spiroski, predstavnik delodajalcev.<\/li>\n<\/ol>\n\n\n\n<div style=\"height:28px\" aria-hidden=\"true\" class=\"wp-block-spacer\"><\/div>\n\n\n\n<h2 class=\"wp-block-heading\">Pristojnosti odbora<\/h2>\n\n\n\n<p class=\"wp-block-paragraph\">Pristojnosti odbora so naslednje:<\/p>\n\n\n\n<ul class=\"wp-block-list\">\n<li>daje mnenje k letnemu poro\u010dilu MKPS,<\/li>\n\n\n\n<li>daje mnenje k spremembam pravil upravljanja MKPS, razen v primeru obveznih uskladitev z zakonodajnimi spremembami,<\/li>\n\n\n\n<li>daje mnenje k spremembam izjave o nalo\u017ebeni politiki v delu, ki se nana\u0161a na strate\u0161ko porazdelitev sredstev glede na vrsto in trajanje obveznosti MKPS,<\/li>\n\n\n\n<li>predlaga spremembe stro\u0161kov in provizije upravljavca,<\/li>\n\n\n\n<li>preverja uspe\u0161nost poslovanja glede na dose\u017eeno donosnost ter glede na dose\u017eeno donosnost v primerjavi z drugimi izvajalci,<\/li>\n\n\n\n<li>daje mnenje k poro\u010dilu upravljavca o tveganjih, katerim je sklad izpostavljen,<\/li>\n\n\n\n<li>obravnava na\u010din in pravilnost obve\u0161\u010danja delodajalcev in \u010dlanov MKPS,<\/li>\n\n\n\n<li>obravnava poro\u010dilo o prito\u017ebah v zvezi z delovanjem MKPS,<\/li>\n\n\n\n<li>druge pristojnosti, dolo\u010dene v splo\u0161nem aktu upravljavca MKPS.<\/li>\n<\/ul>\n\n\n\n<p class=\"wp-block-paragraph\">V primeru ugotovitve nepravilnosti pri poslovanju MKPS odbor od upravljavca zahteva odpravo nepravilnosti v primernem roku in zahteva poro\u010dilo o odpravi ugotovljenih nepravilnosti. \u010ce upravljavec ne odpravi nepravilnosti pri poslovanju v postavljenem roku ali v postavljenem roku ne ukrepa ustrezno ali ne pripravi poro\u010dila o odpravi ugotovljenih nepravilnosti, odbor o ugotovljenih nepravilnostih ali o neustreznem ukrepanju obvesti nadzorni organ upravljavca ter Agencijo za trg vrednostnih papirjev.<\/p>\n","protected":false},"excerpt":{"rendered":"<p>Odbor Krovnega pokojninskega sklada javnih uslu\u017ebencev Odbor Krovnega pokojninskega sklada javnih uslu\u017ebencev (KPSJU) je oblikovan kot posebno telo socialnih partnerjev, preko katerega se izvaja nadzor nad poslovanjem sklada KPSJU. Imenovanje odbora in njegove pristojnosti dolo\u010da Kolektivna pogodba o oblikovanju pokojninskega na\u010drta in Pravila sklada. \u010clane odbora imenuje Vlada RS in ga sestavlja 6 predstavnikov Vlade [&hellip;]<\/p>\n","protected":false},"author":2,"featured_media":0,"parent":9242,"menu_order":0,"comment_status":"closed","ping_status":"closed","template":"","meta":{"_acf_changed":false,"_crdt_document":"","inline_featured_image":false,"footnotes":""},"class_list":["post-9063","page","type-page","status-publish","hentry"],"acf":[],"yoast_head":"<!-- This site is optimized with the Yoast SEO plugin v27.4 - https:\/\/yoast.com\/product\/yoast-seo-wordpress\/ -->\n<title>Odbori pokojninskih skladov - Modra zavarovalnica, d.d.<\/title>\n<meta name=\"description\" content=\"Na tej povezavi najdete informacije o odboru \u010dlanov sklada in njihovih pristojnostih.\" \/>\n<meta name=\"robots\" content=\"index, follow, max-snippet:-1, max-image-preview:large, max-video-preview:-1\" \/>\n<link rel=\"canonical\" href=\"https:\/\/modra.si\/en\/about-us\/pension-fund-committees-of-modra-zavarovalnica\/\" \/>\n<meta property=\"og:locale\" content=\"en_US\" \/>\n<meta property=\"og:type\" content=\"article\" \/>\n<meta property=\"og:title\" content=\"Odbori pokojninskih skladov - Modra zavarovalnica, d.d.\" \/>\n<meta property=\"og:description\" content=\"Na tej povezavi najdete informacije o odboru \u010dlanov sklada in njihovih pristojnostih.\" \/>\n<meta property=\"og:url\" content=\"https:\/\/modra.si\/en\/about-us\/pension-fund-committees-of-modra-zavarovalnica\/\" \/>\n<meta property=\"og:site_name\" content=\"Modra zavarovalnica\" \/>\n<meta property=\"article:modified_time\" content=\"2026-03-10T09:04:38+00:00\" \/>\n<meta property=\"og:image\" content=\"https:\/\/modra.si\/wp-content\/uploads\/2026\/02\/Novice.jpg\" \/>\n<meta name=\"twitter:card\" content=\"summary_large_image\" \/>\n<meta name=\"twitter:label1\" content=\"Est. reading time\" \/>\n\t<meta name=\"twitter:data1\" content=\"4 minutes\" \/>\n<script type=\"application\/ld+json\" class=\"yoast-schema-graph\">{\"@context\":\"https:\\\/\\\/schema.org\",\"@graph\":[{\"@type\":\"WebPage\",\"@id\":\"https:\\\/\\\/modra.si\\\/en\\\/about-us\\\/pension-fund-committees-of-modra-zavarovalnica\\\/\",\"url\":\"https:\\\/\\\/modra.si\\\/en\\\/about-us\\\/pension-fund-committees-of-modra-zavarovalnica\\\/\",\"name\":\"Odbori pokojninskih skladov - Modra zavarovalnica, d.d.\",\"isPartOf\":{\"@id\":\"https:\\\/\\\/modra.si\\\/en\\\/#website\"},\"datePublished\":\"2024-02-15T14:37:13+00:00\",\"dateModified\":\"2026-03-10T09:04:38+00:00\",\"description\":\"Na tej povezavi najdete informacije o odboru \u010dlanov sklada in njihovih pristojnostih.\",\"breadcrumb\":{\"@id\":\"https:\\\/\\\/modra.si\\\/en\\\/about-us\\\/pension-fund-committees-of-modra-zavarovalnica\\\/#breadcrumb\"},\"inLanguage\":\"en-US\",\"potentialAction\":[{\"@type\":\"ReadAction\",\"target\":[\"https:\\\/\\\/modra.si\\\/en\\\/about-us\\\/pension-fund-committees-of-modra-zavarovalnica\\\/\"]}]},{\"@type\":\"BreadcrumbList\",\"@id\":\"https:\\\/\\\/modra.si\\\/en\\\/about-us\\\/pension-fund-committees-of-modra-zavarovalnica\\\/#breadcrumb\",\"itemListElement\":[{\"@type\":\"ListItem\",\"position\":1,\"name\":\"Home\",\"item\":\"https:\\\/\\\/modra.si\\\/en\\\/\"},{\"@type\":\"ListItem\",\"position\":2,\"name\":\"About us\",\"item\":\"https:\\\/\\\/modra.si\\\/en\\\/about-us\\\/\"},{\"@type\":\"ListItem\",\"position\":3,\"name\":\"Pension fund committees of Modra zavarovalnica\"}]},{\"@type\":\"WebSite\",\"@id\":\"https:\\\/\\\/modra.si\\\/en\\\/#website\",\"url\":\"https:\\\/\\\/modra.si\\\/en\\\/\",\"name\":\"Modra zavarovalnica\",\"description\":\"Dobrodo\u0161li!\",\"potentialAction\":[{\"@type\":\"SearchAction\",\"target\":{\"@type\":\"EntryPoint\",\"urlTemplate\":\"https:\\\/\\\/modra.si\\\/en\\\/?s={search_term_string}\"},\"query-input\":{\"@type\":\"PropertyValueSpecification\",\"valueRequired\":true,\"valueName\":\"search_term_string\"}}],\"inLanguage\":\"en-US\"}]}<\/script>\n<!-- \/ Yoast SEO plugin. -->","yoast_head_json":{"title":"Odbori pokojninskih skladov - Modra zavarovalnica, d.d.","description":"Na tej povezavi najdete informacije o odboru \u010dlanov sklada in njihovih pristojnostih.","robots":{"index":"index","follow":"follow","max-snippet":"max-snippet:-1","max-image-preview":"max-image-preview:large","max-video-preview":"max-video-preview:-1"},"canonical":"https:\/\/modra.si\/en\/about-us\/pension-fund-committees-of-modra-zavarovalnica\/","og_locale":"en_US","og_type":"article","og_title":"Odbori pokojninskih skladov - Modra zavarovalnica, d.d.","og_description":"Na tej povezavi najdete informacije o odboru \u010dlanov sklada in njihovih pristojnostih.","og_url":"https:\/\/modra.si\/en\/about-us\/pension-fund-committees-of-modra-zavarovalnica\/","og_site_name":"Modra zavarovalnica","article_modified_time":"2026-03-10T09:04:38+00:00","og_image":[{"url":"https:\/\/modra.si\/wp-content\/uploads\/2026\/02\/Novice.jpg","type":"","width":"","height":""}],"twitter_card":"summary_large_image","twitter_misc":{"Est. reading time":"4 minutes"},"schema":{"@context":"https:\/\/schema.org","@graph":[{"@type":"WebPage","@id":"https:\/\/modra.si\/en\/about-us\/pension-fund-committees-of-modra-zavarovalnica\/","url":"https:\/\/modra.si\/en\/about-us\/pension-fund-committees-of-modra-zavarovalnica\/","name":"Odbori pokojninskih skladov - Modra zavarovalnica, d.d.","isPartOf":{"@id":"https:\/\/modra.si\/en\/#website"},"datePublished":"2024-02-15T14:37:13+00:00","dateModified":"2026-03-10T09:04:38+00:00","description":"Na tej povezavi najdete informacije o odboru \u010dlanov sklada in njihovih pristojnostih.","breadcrumb":{"@id":"https:\/\/modra.si\/en\/about-us\/pension-fund-committees-of-modra-zavarovalnica\/#breadcrumb"},"inLanguage":"en-US","potentialAction":[{"@type":"ReadAction","target":["https:\/\/modra.si\/en\/about-us\/pension-fund-committees-of-modra-zavarovalnica\/"]}]},{"@type":"BreadcrumbList","@id":"https:\/\/modra.si\/en\/about-us\/pension-fund-committees-of-modra-zavarovalnica\/#breadcrumb","itemListElement":[{"@type":"ListItem","position":1,"name":"Home","item":"https:\/\/modra.si\/en\/"},{"@type":"ListItem","position":2,"name":"About us","item":"https:\/\/modra.si\/en\/about-us\/"},{"@type":"ListItem","position":3,"name":"Pension fund committees of Modra zavarovalnica"}]},{"@type":"WebSite","@id":"https:\/\/modra.si\/en\/#website","url":"https:\/\/modra.si\/en\/","name":"Modra zavarovalnica","description":"Dobrodo\u0161li!","potentialAction":[{"@type":"SearchAction","target":{"@type":"EntryPoint","urlTemplate":"https:\/\/modra.si\/en\/?s={search_term_string}"},"query-input":{"@type":"PropertyValueSpecification","valueRequired":true,"valueName":"search_term_string"}}],"inLanguage":"en-US"}]}},"_links":{"self":[{"href":"https:\/\/modra.si\/en\/wp-json\/wp\/v2\/pages\/9063","targetHints":{"allow":["GET"]}}],"collection":[{"href":"https:\/\/modra.si\/en\/wp-json\/wp\/v2\/pages"}],"about":[{"href":"https:\/\/modra.si\/en\/wp-json\/wp\/v2\/types\/page"}],"author":[{"embeddable":true,"href":"https:\/\/modra.si\/en\/wp-json\/wp\/v2\/users\/2"}],"replies":[{"embeddable":true,"href":"https:\/\/modra.si\/en\/wp-json\/wp\/v2\/comments?post=9063"}],"version-history":[{"count":1,"href":"https:\/\/modra.si\/en\/wp-json\/wp\/v2\/pages\/9063\/revisions"}],"predecessor-version":[{"id":10180,"href":"https:\/\/modra.si\/en\/wp-json\/wp\/v2\/pages\/9063\/revisions\/10180"}],"up":[{"embeddable":true,"href":"https:\/\/modra.si\/en\/wp-json\/wp\/v2\/pages\/9242"}],"wp:attachment":[{"href":"https:\/\/modra.si\/en\/wp-json\/wp\/v2\/media?parent=9063"}],"curies":[{"name":"wp","href":"https:\/\/api.w.org\/{rel}","templated":true}]}}