{"id":9064,"date":"2024-02-15T14:32:35","date_gmt":"2024-02-15T14:32:35","guid":{"rendered":"https:\/\/modra.si\/delovanje-na-skupscinah-arhiv-objav\/"},"modified":"2026-03-10T09:04:38","modified_gmt":"2026-03-10T09:04:38","slug":"assembly-activities","status":"publish","type":"page","link":"https:\/\/modra.si\/en\/assembly-activities\/","title":{"rendered":"Assembly activities"},"content":{"rendered":"\n<h1 class=\"wp-block-heading\">Arhiv objav <\/h1>\n\n\n\n<p class=\"wp-block-paragraph\">Arhiv delovanja Modre zavarovalnice na skup\u0161\u010dinah gospodarskih dru\u017eb s sede\u017eem v Republiki Sloveniji, v katerih ima kapitalski dele\u017e.<\/p>\n\n\n\n<h2 class=\"wp-block-heading\">2025<\/h2>\n\n\n\n<p class=\"wp-block-paragraph\"><a href=\"https:\/\/modra.si\/wp-content\/uploads\/2025\/08\/Skupscina-Pomgrad-20.6.2025.pdf\" target=\"_blank\" rel=\"noreferrer noopener\">Pomgrad, d. d.<\/a> (20. 6. 2025)<br><a href=\"https:\/\/modra.si\/wp-content\/uploads\/2025\/08\/Skupscina-Hotelske-nepremicnine-11.6.2025.pdf\" target=\"_blank\" rel=\"noreferrer noopener\">Hotelske nepremi\u010dnine, d. d.<\/a>\u00a0(11. 6. 2025)<br><a href=\"https:\/\/modra.si\/wp-content\/uploads\/2025\/08\/Skupscina-DelavskaHranilnica-5.6.2025.pdf\" target=\"_blank\" rel=\"noreferrer noopener\">Delavska Hranilnica, d. d.<\/a> (5. 6. 2025)<br><a href=\"https:\/\/modra.si\/wp-content\/uploads\/2025\/08\/Skupscina-Petrol-27.5.2025-.pdf\" target=\"_blank\" rel=\"noreferrer noopener\">Petrol, d. d.<\/a> (27. 5. 2025)<br><a href=\"https:\/\/modra.si\/wp-content\/uploads\/2025\/08\/Skupscina-SavaRE-26.5.2025-.pdf\" target=\"_blank\" rel=\"noreferrer noopener\">Sava RE, d. d.<\/a> (26.5.2025)<br><a href=\"https:\/\/modra.si\/wp-content\/uploads\/2025\/08\/Skupscina-CinkarnaCE-21.5.2025-.pdf\" target=\"_blank\" rel=\"noreferrer noopener\">Cinkarna Celje, d. d.<\/a>\u00a0(21. 5. 2025)<br><a href=\"https:\/\/modra.si\/wp-content\/uploads\/2025\/08\/Skupscina-Plinhold-1.4.2025.pdf\" target=\"_blank\" rel=\"noreferrer noopener\">Plinhold, d. o. o.<\/a> (1. 4. 2025) <br><a href=\"https:\/\/modra.si\/wp-content\/uploads\/2025\/08\/Skupscina-Petrol-14.3.2025.pdf\" target=\"_blank\" rel=\"noreferrer noopener\">Petrol, d. d.<\/a> (14. 3. 2025)<\/p>\n\n\n\n<h2 class=\"wp-block-heading\">2024<\/h2>\n\n\n\n<p class=\"wp-block-paragraph\"><a href=\"https:\/\/modra.si\/wp-content\/uploads\/2025\/01\/Porocilo-o-delovanju-na-skupscinah-2024.pdf\"><strong>Zbirno poro\u010dilo o delovanju na skup\u0161\u010dinah v 2024<\/strong><\/a><\/p>\n\n\n\n<p class=\"wp-block-paragraph\"><a href=\"https:\/\/modra.si\/wp-content\/uploads\/2024\/07\/Skupscina-LukaKoper-27.6.2024.pdf\" target=\"_blank\" rel=\"noreferrer noopener\">Luka Koper, d. d.<\/a> (27. 6. 2024)<br><a href=\"https:\/\/modra.si\/wp-content\/uploads\/2024\/07\/Skupscina-ElektroLjubljana-21.6.2024.pdf\" target=\"_blank\" rel=\"noreferrer noopener\">Elektro Ljubljana, d. d.<\/a> (21. 6. 2024)<br><a href=\"https:\/\/modra.si\/wp-content\/uploads\/2024\/07\/Skupscina-ElektroGorenjska-20.6.2024.pdf\" target=\"_blank\" rel=\"noreferrer noopener\">Elektro Gorenjska, d. d.<\/a> (20. 6. 2024)<br><a href=\"https:\/\/modra.si\/wp-content\/uploads\/2024\/07\/Skupscina-PomgradVGP-17.6.2024.pdf\" target=\"_blank\" rel=\"noreferrer noopener\">Pomgrad VGP, d. d.<\/a> (17. 6. 2024)<br><a href=\"https:\/\/modra.si\/wp-content\/uploads\/2024\/07\/Skupscina-Krka-11.7.2024.pdf\" target=\"_blank\" rel=\"noreferrer noopener\">Krka, d. d.<\/a> (11. 7. 2024)<br><a href=\"https:\/\/modra.si\/wp-content\/uploads\/2024\/07\/Skupscina-ElektroCE-28.6.2024.pdf\" target=\"_blank\" rel=\"noreferrer noopener\">Elektro Celje, d. d.<\/a> (28. 6. 2024)<br><a href=\"https:\/\/modra.si\/wp-content\/uploads\/2024\/07\/Skupscina-ElektroMB-28.6.2024.pdf\" target=\"_blank\" rel=\"noreferrer noopener\">Elektro Maribor, d. d.<\/a> (28. 6. 2024) <br><a href=\"https:\/\/modra.si\/wp-content\/uploads\/2024\/07\/Skupscina-PomgradVGP-19.6.2024.pdf\" target=\"_blank\" rel=\"noreferrer noopener\">Pomgrad VGP, d. d.<\/a> (19. 6. 2024)<br><a href=\"https:\/\/modra.si\/wp-content\/uploads\/2024\/07\/Skupscina-CinkarnaCE-19.6.2024.pdf\" target=\"_blank\" rel=\"noreferrer noopener\">Cinkarna Celje, d. d.<\/a> (19. 6. 2024)<br><a href=\"https:\/\/modra.si\/wp-content\/uploads\/2024\/07\/Skupscina-DelavskaHranilnica-18.6.2024.pdf\" target=\"_blank\" rel=\"noreferrer noopener\">Delavska Hranilnica, d. d.<\/a> (18. 6. 2024)<\/p>\n\n\n\n<p class=\"wp-block-paragraph\"><a href=\"https:\/\/modra.si\/wp-content\/uploads\/2024\/06\/Skupscina-SavaRE-27.5.2024.pdf\" target=\"_blank\" rel=\"noreferrer noopener\">Sava RE, d. d.<\/a> (27. 5. 2024)<br><a href=\"https:\/\/modra.si\/wp-content\/uploads\/2024\/06\/Skupscina-Petrol-24.5.2024.pdf\" target=\"_blank\" rel=\"noreferrer noopener\">Petrol, d. d.<\/a> (24. 5. 2024)<br><a href=\"https:\/\/modra.si\/wp-content\/uploads\/2024\/03\/Skupscina-TelekomSlovenije-13.2.2024.pdf\" target=\"_blank\" rel=\"noreferrer noopener\">Telekom Slovenije, d. d.<\/a>&nbsp;(13. 2. 2024)<br><a href=\"https:\/\/modra.si\/wp-content\/uploads\/2024\/03\/Skupscina-CinkarnaCelje-13.2.2024.pdf\" target=\"_blank\" rel=\"noreferrer noopener\">Cinkarna Celje, d. d.<\/a>&nbsp;(13. 2. 2024)<\/p>\n\n\n\n<p class=\"wp-block-paragraph\"><a href=\"https:\/\/modra.si\/wp-content\/uploads\/2024\/07\/Skupscina-Telekom-17.6.2024.pdf\" target=\"_blank\" rel=\"noreferrer noopener\">Telekom, d. d.<\/a> (17.6.2024)<\/p>\n\n\n\n<div style=\"height:28px\" aria-hidden=\"true\" class=\"wp-block-spacer\"><\/div>\n\n\n\n<h2 class=\"wp-block-heading\">2023<\/h2>\n\n\n\n<p class=\"wp-block-paragraph\"><a href=\"https:\/\/modra.si\/wp-content\/uploads\/2024\/03\/Porocilo-o-delovanju-na-skupscinah-2023.pdf\" target=\"_blank\" rel=\"noreferrer noopener\"><strong>Zbirno poro\u010dilo o delovanju na skup\u0161\u010dinah v 2023<\/strong><\/a><\/p>\n\n\n\n<p class=\"wp-block-paragraph\"><a href=\"https:\/\/modra.si\/wp-content\/uploads\/2024\/03\/Skupscina-DelavskaHranilnica-22.6.2023.pdf\" target=\"_blank\" rel=\"noreferrer noopener\">Delavska hranilnica, d. d.<\/a>&nbsp;(22. 6. 2023)<br><a href=\"https:\/\/modra.si\/wp-content\/uploads\/2024\/03\/Skupscina-CinkarnaCE-14.6.2023.pdf\" target=\"_blank\" rel=\"noreferrer noopener\">Cinkarna Celje, d. d.<\/a>&nbsp;(14. 6. 2023)<br><a href=\"https:\/\/modra.si\/wp-content\/uploads\/2024\/03\/Skupscina-SavaRE-5.6.2023.pdf\" target=\"_blank\" rel=\"noreferrer noopener\">Sava RE, d. d.<\/a>&nbsp;(5. 6. 2023)<br><a href=\"https:\/\/modra.si\/wp-content\/uploads\/2024\/03\/Skupscina-Hotelske-nepremicnine-25.4.2023.pdf\" target=\"_blank\" rel=\"noreferrer noopener\">Hotelske nepremi\u010dnine, d. o. o.<\/a>&nbsp;(25. 4. 2023)<br><a href=\"https:\/\/modra.si\/wp-content\/uploads\/2024\/03\/Skupscina-Hotelske-nepremicnine-28.2.2023.pdf\" target=\"_blank\" rel=\"noreferrer noopener\">Hotelske nepremi\u010dnine, d. o. o.<\/a>&nbsp;(28. 2. 2023)<\/p>\n\n\n\n<div style=\"height:28px\" aria-hidden=\"true\" class=\"wp-block-spacer\"><\/div>\n\n\n\n<h2 class=\"wp-block-heading\">2022<\/h2>\n\n\n\n<p class=\"wp-block-paragraph\"><a href=\"https:\/\/modra.si\/wp-content\/uploads\/2024\/02\/Skupscina-HotelskeNepremicnine-okt2022.pdf\" target=\"_blank\" rel=\"noreferrer noopener\">Hotelske nepremi\u010dnine, d. o. o.<\/a>&nbsp;(6. 10. 2022)<br><a href=\"https:\/\/modra.si\/wp-content\/uploads\/2024\/02\/Skupscina-HotelskeNepremicnine-sept2022.pdf\" target=\"_blank\" rel=\"noreferrer noopener\">Hotelske nepremi\u010dnine, d. o. o.<\/a>&nbsp;(20. 9. 2022)<br><a href=\"https:\/\/modra.si\/wp-content\/uploads\/2024\/02\/Skupscina-SavaRe-2022.pdf\" target=\"_blank\" rel=\"noreferrer noopener\">Pozavarovalnica Sava, d. d.<\/a>&nbsp;(23. 6. 2022)<br><a href=\"https:\/\/modra.si\/wp-content\/uploads\/2024\/02\/Skupscina-Delavska-hranilnica-2022.pdf\" target=\"_blank\" rel=\"noreferrer noopener\">Delavska hranilnica, d. d.<\/a>&nbsp;(22. 6. 2022)<br><a href=\"https:\/\/modra.si\/wp-content\/uploads\/2024\/02\/Skupscina-Cinkarna-CE-2022.pdf\" target=\"_blank\" rel=\"noreferrer noopener\">Cinkarna Celje, d. d.<\/a>&nbsp;(15. 6. 2022)<br><a href=\"https:\/\/modra.si\/wp-content\/uploads\/2024\/02\/Skupscina-Hotelske-nepremicnine-30.3.2022.pdf\" target=\"_blank\" rel=\"noreferrer noopener\">Hotelske nepremi\u010dnine, d. o. o.<\/a>&nbsp;(30. 3. 2022)<br><a href=\"https:\/\/modra.si\/wp-content\/uploads\/2024\/02\/Skupscina-Hotelske-nepremicnine-25.1.2022.pdf\" target=\"_blank\" rel=\"noreferrer noopener\">Hotelske nepremi\u010dnine, d. o. o.<\/a>&nbsp;(25. 1. 2022)<\/p>\n\n\n\n<div style=\"height:28px\" aria-hidden=\"true\" class=\"wp-block-spacer\"><\/div>\n\n\n\n<h2 class=\"wp-block-heading\">2021<\/h2>\n\n\n\n<p class=\"wp-block-paragraph\"><a href=\"https:\/\/modra.si\/wp-content\/uploads\/2024\/02\/Skupscina-HotelskeNepremicnine-2021.pdf\" target=\"_blank\" rel=\"noreferrer noopener\">Hotelske nepremi\u010dnine, d. o. o.<\/a>&nbsp;(26. 11. 2021)<br><a href=\"https:\/\/modra.si\/wp-content\/uploads\/2024\/02\/Skupscina-Cinkarna-CE-2021.pdf\" target=\"_blank\" rel=\"noreferrer noopener\">Cinkarna Celje, d. d.<\/a>&nbsp;(15. 6. 2021)<br><a href=\"https:\/\/modra.si\/wp-content\/uploads\/2024\/02\/Skupscina-Delavska-hranilnica-2021.pdf\" target=\"_blank\" rel=\"noreferrer noopener\">Delavska hranilnica, d. d.<\/a>&nbsp;(10. 6. 2021)<br><a href=\"https:\/\/modra.si\/wp-content\/uploads\/2024\/02\/Skupscina-Sava-RE-2021-1.pdf\" target=\"_blank\" rel=\"noreferrer noopener\">Pozavarovalnica Sava, d. d.<\/a>&nbsp;(25. 5. 2021)<\/p>\n\n\n\n<div style=\"height:28px\" aria-hidden=\"true\" class=\"wp-block-spacer\"><\/div>\n\n\n\n<h2 class=\"wp-block-heading\">2020<\/h2>\n\n\n\n<p class=\"wp-block-paragraph\"><a href=\"https:\/\/modra.si\/wp-content\/uploads\/2024\/02\/Skupscina-Hotelske-nepremicnine-29.9.2020.pdf\" target=\"_blank\" rel=\"noreferrer noopener\">Hotelske nepremi\u010dnine, d. o. o.<\/a>&nbsp;(29. 9. 2020)<br><a href=\"https:\/\/modra.si\/wp-content\/uploads\/2024\/02\/Skupscina-Delavska-hranilnica-2020.pdf\" target=\"_blank\" rel=\"noreferrer noopener\">Delavska hranilnica, d. d.<\/a>&nbsp;(29. 6. 2020)<br><a href=\"https:\/\/modra.si\/wp-content\/uploads\/2024\/02\/Skupscina-Cinkarna-CE-2020.pdf\" target=\"_blank\" rel=\"noreferrer noopener\">Cinkarna Celje, d. d.<\/a>&nbsp;(17. 6. 2020)<br><a href=\"https:\/\/modra.si\/wp-content\/uploads\/2024\/02\/Skupscina-Sava-RE-2020.pdf\" target=\"_blank\" rel=\"noreferrer noopener\">Pozavarovalnica Sava, d. d.<\/a>&nbsp;(16. 6. 2020)<br><a href=\"https:\/\/modra.si\/wp-content\/uploads\/2024\/02\/Skupscina-Hotelske-nepremicnine-31.1.2020.pdf\" target=\"_blank\" rel=\"noreferrer noopener\">Hotelske nepremi\u010dnine, d. o. o.<\/a>&nbsp;(21. 1. 2020)<\/p>\n\n\n\n<div style=\"height:28px\" aria-hidden=\"true\" class=\"wp-block-spacer\"><\/div>\n\n\n\n<h2 class=\"wp-block-heading\">2019<\/h2>\n\n\n\n<p class=\"wp-block-paragraph\"><a href=\"https:\/\/modra.si\/wp-content\/uploads\/2024\/02\/Delavska-hranilnica-junij-2019.pdf\" target=\"_blank\" rel=\"noreferrer noopener\">Delavska hranilnica, d. d.<\/a>&nbsp;(21. 6. 2019)<br><a href=\"https:\/\/modra.si\/wp-content\/uploads\/2024\/02\/Cinkarna-CE-jun-2019.pdf\" target=\"_blank\" rel=\"noreferrer noopener\">Cinkarna Celje, d. d.<\/a>&nbsp;(4. 6. 2019)<br><a href=\"https:\/\/modra.si\/wp-content\/uploads\/2024\/02\/Skupscina-Hotelske-nepremicnine-2019.pdf\" target=\"_blank\" rel=\"noreferrer noopener\">Hotelske nepremi\u010dnine, d. o. o.<\/a>&nbsp;(28. 5. 2019)<br><a href=\"https:\/\/modra.si\/wp-content\/uploads\/2024\/02\/Sava-RE-maj-2019.pdf\" target=\"_blank\" rel=\"noreferrer noopener\">Pozavarovalnica Sava, d. d.<\/a>&nbsp;(21. 5. 2019)<\/p>\n\n\n\n<div style=\"height:28px\" aria-hidden=\"true\" class=\"wp-block-spacer\"><\/div>\n\n\n\n<h2 class=\"wp-block-heading\">2018<\/h2>\n\n\n\n<p class=\"wp-block-paragraph\"><a href=\"https:\/\/modra.si\/wp-content\/uploads\/2024\/02\/Skupscina-Hotelske-nepremicnine-28.12.2018.pdf\" target=\"_blank\" rel=\"noreferrer noopener\">Hotelske nepremi\u010dnine, d. o. o.<\/a>&nbsp;(28. 12. 2018)<br><a href=\"https:\/\/modra.si\/wp-content\/uploads\/2024\/02\/Skupscina-Hotelske-nepremicnine-28.11.2018.pdf\" target=\"_blank\" rel=\"noreferrer noopener\">Hotelske nepremi\u010dnine, d. o. o.<\/a>&nbsp;(28. 11. 2018)<br><a href=\"https:\/\/modra.si\/wp-content\/uploads\/2024\/02\/Skupscina-Hotelske-nepremicnine-26.11.2018.pdf\" target=\"_blank\" rel=\"noreferrer noopener\">Hotelske nepremi\u010dnine, d. o. o.<\/a>&nbsp;(26. 11. 2018)<br><a href=\"https:\/\/modra.si\/wp-content\/uploads\/2024\/02\/Skupscina-Hotelske-nepremicnine-20.11.2018.pdf\" target=\"_blank\" rel=\"noreferrer noopener\">Hotelske nepremi\u010dnine, d. o. o.<\/a>&nbsp;(20. 11. 2018)<br><a href=\"https:\/\/modra.si\/wp-content\/uploads\/2024\/02\/CinkarnaCE-jun-2018.pdf\" target=\"_blank\" rel=\"noreferrer noopener\">Cinkarna Celje, d. d.<\/a>&nbsp;(5. 6. 2018)<br><a href=\"https:\/\/modra.si\/wp-content\/uploads\/2024\/02\/CinkarnaCE-maj-2018.pdf\" target=\"_blank\" rel=\"noreferrer noopener\">Cinkarna Celje, d. d.<\/a>&nbsp;(29. 5. 2018)<br><a href=\"https:\/\/modra.si\/wp-content\/uploads\/2024\/02\/CinkarnaCE-feb-2018.pdf\" target=\"_blank\" rel=\"noreferrer noopener\">Cinkarna Celje, d. d.<\/a>&nbsp;(27. 2. 2018)<br><a href=\"https:\/\/modra.si\/wp-content\/uploads\/2024\/02\/Cinkarna-junij-2017.pdf\" target=\"_blank\" rel=\"noreferrer noopener\">Cinkarna Celje, d. d.<\/a>&nbsp;(6. 6. 2017)<\/p>\n\n\n\n<div style=\"height:28px\" aria-hidden=\"true\" class=\"wp-block-spacer\"><\/div>\n\n\n\n<h2 class=\"wp-block-heading\">2017<\/h2>\n\n\n\n<p class=\"wp-block-paragraph\"><a href=\"https:\/\/modra.si\/wp-content\/uploads\/2024\/02\/Sava-re-maj-2017.pdf\" target=\"_blank\" rel=\"noreferrer noopener\">Pozavarovalnica Sava, d. d.<\/a>&nbsp;(19. 5. 2017)<br><a href=\"https:\/\/modra.si\/wp-content\/uploads\/2024\/02\/Sava-re-marec-2017.pdf\" target=\"_blank\" rel=\"noreferrer noopener\">Pozavarovalnica Sava, d. d.<\/a>&nbsp;(7. 3. 2017)<\/p>\n\n\n\n<div style=\"height:28px\" aria-hidden=\"true\" class=\"wp-block-spacer\"><\/div>\n\n\n\n<h2 class=\"wp-block-heading\">2016<\/h2>\n\n\n\n<p class=\"wp-block-paragraph\"><a href=\"https:\/\/modra.si\/wp-content\/uploads\/2024\/02\/Porocilo-o-poteku-skupscine-CinkarnaCE.pdf\" target=\"_blank\" rel=\"noreferrer noopener\">Cinkarna Celje, d. d.<\/a>&nbsp;(7. 6. 2016)<\/p>\n\n\n\n<p class=\"wp-block-paragraph\"><\/p>\n","protected":false},"excerpt":{"rendered":"<p>Arhiv objav Arhiv delovanja Modre zavarovalnice na skup\u0161\u010dinah gospodarskih dru\u017eb s sede\u017eem v Republiki Sloveniji, v katerih ima kapitalski dele\u017e. 2025 Pomgrad, d. d. (20. 6. 2025)Hotelske nepremi\u010dnine, d. d.\u00a0(11. 6. 2025)Delavska Hranilnica, d. d. (5. 6. 2025)Petrol, d. d. (27. 5. 2025)Sava RE, d. d. (26.5.2025)Cinkarna Celje, d. d.\u00a0(21. 5. 2025)Plinhold, d. o. o. [&hellip;]<\/p>\n","protected":false},"author":2,"featured_media":0,"parent":0,"menu_order":0,"comment_status":"closed","ping_status":"closed","template":"","meta":{"_acf_changed":false,"_crdt_document":"","inline_featured_image":false,"footnotes":""},"class_list":["post-9064","page","type-page","status-publish","hentry"],"acf":[],"yoast_head":"<!-- This site is optimized with the Yoast SEO plugin v27.4 - https:\/\/yoast.com\/product\/yoast-seo-wordpress\/ -->\n<title>Delovanje na skup\u0161\u010dinah-arhiv objav - Modra zavarovalnica, d.d.<\/title>\n<meta name=\"description\" content=\"Arhiv delovanja Modre zavarovalnice na skup\u0161\u010dinah gospodarskih dru\u017eb s sede\u017eem v Republiki Sloveniji, v katerih ima kapitalski dele\u017e.\" \/>\n<meta name=\"robots\" content=\"index, follow, max-snippet:-1, max-image-preview:large, max-video-preview:-1\" \/>\n<link rel=\"canonical\" href=\"https:\/\/modra.si\/en\/assembly-activities\/\" \/>\n<meta property=\"og:locale\" content=\"en_US\" \/>\n<meta property=\"og:type\" content=\"article\" \/>\n<meta property=\"og:title\" content=\"Delovanje na skup\u0161\u010dinah-arhiv objav - Modra zavarovalnica, d.d.\" \/>\n<meta property=\"og:description\" content=\"Arhiv delovanja Modre zavarovalnice na skup\u0161\u010dinah gospodarskih dru\u017eb s sede\u017eem v Republiki Sloveniji, v katerih ima kapitalski dele\u017e.\" \/>\n<meta property=\"og:url\" content=\"https:\/\/modra.si\/en\/assembly-activities\/\" \/>\n<meta property=\"og:site_name\" content=\"Modra zavarovalnica\" \/>\n<meta property=\"article:modified_time\" content=\"2026-03-10T09:04:38+00:00\" \/>\n<meta property=\"og:image\" content=\"https:\/\/modra.si\/wp-content\/uploads\/2026\/02\/Novice.jpg\" \/>\n<meta name=\"twitter:card\" content=\"summary_large_image\" \/>\n<meta name=\"twitter:label1\" content=\"Est. reading time\" \/>\n\t<meta name=\"twitter:data1\" content=\"3 minutes\" \/>\n<script type=\"application\/ld+json\" class=\"yoast-schema-graph\">{\"@context\":\"https:\\\/\\\/schema.org\",\"@graph\":[{\"@type\":\"WebPage\",\"@id\":\"https:\\\/\\\/modra.si\\\/en\\\/assembly-activities\\\/\",\"url\":\"https:\\\/\\\/modra.si\\\/en\\\/assembly-activities\\\/\",\"name\":\"Delovanje na skup\u0161\u010dinah-arhiv objav - Modra zavarovalnica, d.d.\",\"isPartOf\":{\"@id\":\"https:\\\/\\\/modra.si\\\/en\\\/#website\"},\"datePublished\":\"2024-02-15T14:32:35+00:00\",\"dateModified\":\"2026-03-10T09:04:38+00:00\",\"description\":\"Arhiv delovanja Modre zavarovalnice na skup\u0161\u010dinah gospodarskih dru\u017eb s sede\u017eem v Republiki Sloveniji, v katerih ima kapitalski dele\u017e.\",\"breadcrumb\":{\"@id\":\"https:\\\/\\\/modra.si\\\/en\\\/assembly-activities\\\/#breadcrumb\"},\"inLanguage\":\"en-US\",\"potentialAction\":[{\"@type\":\"ReadAction\",\"target\":[\"https:\\\/\\\/modra.si\\\/en\\\/assembly-activities\\\/\"]}]},{\"@type\":\"BreadcrumbList\",\"@id\":\"https:\\\/\\\/modra.si\\\/en\\\/assembly-activities\\\/#breadcrumb\",\"itemListElement\":[{\"@type\":\"ListItem\",\"position\":1,\"name\":\"Home\",\"item\":\"https:\\\/\\\/modra.si\\\/en\\\/\"},{\"@type\":\"ListItem\",\"position\":2,\"name\":\"Assembly activities\"}]},{\"@type\":\"WebSite\",\"@id\":\"https:\\\/\\\/modra.si\\\/en\\\/#website\",\"url\":\"https:\\\/\\\/modra.si\\\/en\\\/\",\"name\":\"Modra zavarovalnica\",\"description\":\"Dobrodo\u0161li!\",\"potentialAction\":[{\"@type\":\"SearchAction\",\"target\":{\"@type\":\"EntryPoint\",\"urlTemplate\":\"https:\\\/\\\/modra.si\\\/en\\\/?s={search_term_string}\"},\"query-input\":{\"@type\":\"PropertyValueSpecification\",\"valueRequired\":true,\"valueName\":\"search_term_string\"}}],\"inLanguage\":\"en-US\"}]}<\/script>\n<!-- \/ Yoast SEO plugin. -->","yoast_head_json":{"title":"Delovanje na skup\u0161\u010dinah-arhiv objav - Modra zavarovalnica, d.d.","description":"Arhiv delovanja Modre zavarovalnice na skup\u0161\u010dinah gospodarskih dru\u017eb s sede\u017eem v Republiki Sloveniji, v katerih ima kapitalski dele\u017e.","robots":{"index":"index","follow":"follow","max-snippet":"max-snippet:-1","max-image-preview":"max-image-preview:large","max-video-preview":"max-video-preview:-1"},"canonical":"https:\/\/modra.si\/en\/assembly-activities\/","og_locale":"en_US","og_type":"article","og_title":"Delovanje na skup\u0161\u010dinah-arhiv objav - Modra zavarovalnica, d.d.","og_description":"Arhiv delovanja Modre zavarovalnice na skup\u0161\u010dinah gospodarskih dru\u017eb s sede\u017eem v Republiki Sloveniji, v katerih ima kapitalski dele\u017e.","og_url":"https:\/\/modra.si\/en\/assembly-activities\/","og_site_name":"Modra zavarovalnica","article_modified_time":"2026-03-10T09:04:38+00:00","og_image":[{"url":"https:\/\/modra.si\/wp-content\/uploads\/2026\/02\/Novice.jpg","type":"","width":"","height":""}],"twitter_card":"summary_large_image","twitter_misc":{"Est. reading time":"3 minutes"},"schema":{"@context":"https:\/\/schema.org","@graph":[{"@type":"WebPage","@id":"https:\/\/modra.si\/en\/assembly-activities\/","url":"https:\/\/modra.si\/en\/assembly-activities\/","name":"Delovanje na skup\u0161\u010dinah-arhiv objav - Modra zavarovalnica, d.d.","isPartOf":{"@id":"https:\/\/modra.si\/en\/#website"},"datePublished":"2024-02-15T14:32:35+00:00","dateModified":"2026-03-10T09:04:38+00:00","description":"Arhiv delovanja Modre zavarovalnice na skup\u0161\u010dinah gospodarskih dru\u017eb s sede\u017eem v Republiki Sloveniji, v katerih ima kapitalski dele\u017e.","breadcrumb":{"@id":"https:\/\/modra.si\/en\/assembly-activities\/#breadcrumb"},"inLanguage":"en-US","potentialAction":[{"@type":"ReadAction","target":["https:\/\/modra.si\/en\/assembly-activities\/"]}]},{"@type":"BreadcrumbList","@id":"https:\/\/modra.si\/en\/assembly-activities\/#breadcrumb","itemListElement":[{"@type":"ListItem","position":1,"name":"Home","item":"https:\/\/modra.si\/en\/"},{"@type":"ListItem","position":2,"name":"Assembly activities"}]},{"@type":"WebSite","@id":"https:\/\/modra.si\/en\/#website","url":"https:\/\/modra.si\/en\/","name":"Modra zavarovalnica","description":"Dobrodo\u0161li!","potentialAction":[{"@type":"SearchAction","target":{"@type":"EntryPoint","urlTemplate":"https:\/\/modra.si\/en\/?s={search_term_string}"},"query-input":{"@type":"PropertyValueSpecification","valueRequired":true,"valueName":"search_term_string"}}],"inLanguage":"en-US"}]}},"_links":{"self":[{"href":"https:\/\/modra.si\/en\/wp-json\/wp\/v2\/pages\/9064","targetHints":{"allow":["GET"]}}],"collection":[{"href":"https:\/\/modra.si\/en\/wp-json\/wp\/v2\/pages"}],"about":[{"href":"https:\/\/modra.si\/en\/wp-json\/wp\/v2\/types\/page"}],"author":[{"embeddable":true,"href":"https:\/\/modra.si\/en\/wp-json\/wp\/v2\/users\/2"}],"replies":[{"embeddable":true,"href":"https:\/\/modra.si\/en\/wp-json\/wp\/v2\/comments?post=9064"}],"version-history":[{"count":9,"href":"https:\/\/modra.si\/en\/wp-json\/wp\/v2\/pages\/9064\/revisions"}],"predecessor-version":[{"id":10188,"href":"https:\/\/modra.si\/en\/wp-json\/wp\/v2\/pages\/9064\/revisions\/10188"}],"wp:attachment":[{"href":"https:\/\/modra.si\/en\/wp-json\/wp\/v2\/media?parent=9064"}],"curies":[{"name":"wp","href":"https:\/\/api.w.org\/{rel}","templated":true}]}}