{"id":9065,"date":"2024-02-09T12:30:35","date_gmt":"2024-02-09T12:30:35","guid":{"rendered":"https:\/\/modra.si\/informacije-javnega-znacaja\/"},"modified":"2026-03-10T09:04:38","modified_gmt":"2026-03-10T09:04:38","slug":"catalogue-of-public-information","status":"publish","type":"page","link":"https:\/\/modra.si\/en\/catalogue-of-public-information\/","title":{"rendered":"Catalogue of public information"},"content":{"rendered":"\n<p class=\"wp-block-paragraph\">Pravni subjekt:&nbsp;<a href=\"https:\/\/modra.si\/about-us\/\" target=\"_blank\" rel=\"noreferrer noopener\">Modra zavarovalnica, d. d.<\/a>, Dunajska cesta 119, 1000 Ljubljana<\/p>\n\n\n\n<h3 class=\"wp-block-heading\">1. Osnovni podatki o katalogu<\/h3>\n\n\n\n<p class=\"wp-block-paragraph\">Odgovorne osebe: Matej Golob Matzele, predsednik uprave, mag. Matija Debelak, \u010dlan uprave, Bo\u0161tjan Vovk, \u010dlan uprave<\/p>\n\n\n\n<p class=\"wp-block-paragraph\">Katalog je v tiskani obliki dostopen na sede\u017eu pravnega subjekta, Dunajska cesta 119, 1000 Ljubljana, v elektronski obliki pa je objavljen na spletni strani pravnega subjekta.<\/p>\n\n\n\n<h3 class=\"wp-block-heading\">2. Splo\u0161ni podatki o subjektu in informacijah javnega zna\u010daja, s katerimi razpolaga<\/h3>\n\n\n\n<p class=\"wp-block-paragraph\">Kratek opis delovnega podro\u010dja pravnega subjekta:<br>Modra zavarovalnica, d. d., je 3. 10. 2011 z dnem vpisa v sodni register ter na podlagi dovoljenja Agencije za zavarovalni nadzor za opravljanje zavarovalnih poslov v zavarovalnih vrstah \u017eivljenjsko zavarovanje in nezgodno zavarovanje za\u010dela samostojno opravljanje dejavnosti. Nastala je na podlagi zakona o preoblikovanju Kapitalske dru\u017ebe, d. d., z iz\u010dlenitvijo sredstev in dejavnosti upravljanja pokojninskih skladov. Kot univerzalni pravni naslednik je od Kapitalske dru\u017ebe, d. d. prevzela v upravljanje Zaprti vzajemni pokojninski sklad za javne uslu\u017ebence, Kapitalski vzajemni pokojninski sklad, Prvi pokojninski sklad RS in Kritni sklad PPS.<\/p>\n\n\n\n<p class=\"wp-block-paragraph\">Modra zavarovalnica, d. d., je s preoblikovanjem postala najve\u010dja upravljavka vzajemnih pokojninskih skladov in najve\u010dja izpla\u010devalka dodatnih pokojnin v Sloveniji. Dejavnosti Modre zavarovalnice, d. d., so dolo\u010dene z zakonom in s statutom dru\u017ebe. Po statutu Modra zavarovalnica, d. d., skladno z namenom opravlja naslednje dejavnosti:<br>\u2022 65.110 Dejavnost \u017eivljenjskega zavarovanja;<br>\u2022 65.120 Dejavnost zavarovanja, razen \u017eivljenjskega (samo posle v zavarovalnih vrstah nezgodnega in zdravstvenega zavarovanja);<br>\u2022 65.300 Dejavnost pokojninskih skladov.<\/p>\n\n\n\n<h4 class=\"wp-block-heading\">2.a Upravljanje in organizacija<\/h4>\n\n\n\n<p class=\"wp-block-paragraph\">Uprava: Matej Golob Matzele, predsednik uprave, mag. Matija Debelak, \u010dlan uprave, Bo\u0161tjan Vovk, \u010dlan uprave<\/p>\n\n\n\n<p class=\"wp-block-paragraph\"><a href=\"https:\/\/modra.si\/wp-content\/uploads\/2024\/02\/Organigram-Modra-zavarovalnica.png\" target=\"_blank\" rel=\"noreferrer noopener\">Notranje organizacijske enote<\/a>:<br>\u2022 Sektor za prodajo in operativni marketing, Dubravka Derossi, izvr\u0161na direktorica;<br>\u2022 Sektor za ra\u010dunovodstvo in podporo poslovanju, Danica Lemut, izvr\u0161na direktorica;<br>\u2022 Sektor za upravljanje premo\u017eenja, Primo\u017e Cencelj, izvr\u0161ni direktor;<br>\u2022 Sektor za informatiko in upravljanje procesov, Ernest Duli\u010d, namestnik izvr\u0161nega direktorja;<br>\u2022 Slu\u017eba za notranjo revizijo, Igor Tesli\u0107, vodja slu\u017ebe;<br>\u2022 Slu\u017eba za planiranje in kontroling, Tatjana \u017dle, vodja slu\u017ebe;<br>\u2022 Slu\u017eba za pravne in kadrovske zadeve, Janez Vre\u010der, vodja slu\u017ebe;<br>\u2022 Slu\u017eba za razvoj in inovacije, Mateja Prebev\u0161ek, namestnica vodje slu\u017ebe;<br>\u2022 Slu\u017eba za splo\u0161ne zadeve, mag. Zoran Per\u0161e, vodja slu\u017ebe;<br>\u2022 Slu\u017eba za upravljanje s tveganji, Marko Gru\u0161kovnjak, vodja slu\u017ebe;<br>\u2022 Kabinet uprave.<\/p>\n\n\n\n<h4 class=\"wp-block-heading\">2.b Uradna oseba po ZDIJZ<\/h4>\n\n\n\n<p class=\"wp-block-paragraph\">Mag. Zoran Per\u0161e, vodja Slu\u017ebe za splo\u0161ne zadeve, Dunajska cesta 119, 1000 Ljubljana,<br><a href=\"mailto:zahtevki.dijz@modra.si\">zahtevki.dijz@modra.si<\/a>,<br>tel. \u0161t. (01) 474 67 19, (01) 474 67 37, (01) 474 67 72.<\/p>\n\n\n\n<h4 class=\"wp-block-heading\">2.c Dr\u017eavni predpisi<\/h4>\n\n\n\n<p class=\"wp-block-paragraph\"><a href=\"https:\/\/pisrs.si\/\" target=\"_blank\" rel=\"noreferrer noopener\">Dr\u017eavni register predpisov<\/a><br><a href=\"http:\/\/www.pisrs.si\/Pis.web\/pregledPredpisa?id=ZAKO6183\" target=\"_blank\" rel=\"noreferrer noopener\">Zakon o zavarovalni\u0161tvu<\/a><br><a href=\"http:\/\/www.pisrs.si\/Pis.web\/pregledPredpisa?id=ZAKO4291\" target=\"_blank\" rel=\"noreferrer noopener\">Zakon o gospodarskih dru\u017ebah<\/a><br><a href=\"http:\/\/www.pisrs.si\/Pis.web\/pregledPredpisa?id=ZAKO6280\" target=\"_blank\" rel=\"noreferrer noopener\">Zakon o pokojninskem in invalidskem zavarovanju<\/a><br><a href=\"http:\/\/www.pisrs.si\/Pis.web\/pregledPredpisa?id=ZAKO7959\" target=\"_blank\" rel=\"noreferrer noopener\">Zakon o varstvu osebnih podatkov<\/a><br><a href=\"http:\/\/www.pisrs.si\/Pis.web\/pregledPredpisa?id=ZAKO3336\" target=\"_blank\" rel=\"noreferrer noopener\">Zakon o dostopu do informacij javnega zna\u010daja<\/a><\/p>\n\n\n\n<p class=\"wp-block-paragraph\">Predpisi EU<br><a href=\"https:\/\/eur-lex.europa.eu\/homepage.html?locale=sl\" target=\"_blank\" rel=\"noreferrer noopener\">Evropski register predpisov<\/a><\/p>\n\n\n\n<h4 class=\"wp-block-heading\">2.d Seznam strate\u0161kih dokumentov, poro\u010dil in analiz<\/h4>\n\n\n\n<p class=\"wp-block-paragraph\">Letna poro\u010dila dru\u017ebe:<br><a href=\"https:\/\/modra.si\/wp-content\/uploads\/2025\/06\/Letno-porocilo-Modra-2024.pdf\" target=\"_blank\" rel=\"noreferrer noopener\">Letno poro\u010dilo Modre zavarovalnice za leto 2024<\/a><br><a href=\"https:\/\/modra.si\/wp-content\/uploads\/2024\/06\/LP-Modra-2023.pdf\" target=\"_blank\" rel=\"noreferrer noopener\">Letno poro\u010dilo Modre zavarovalnice za leto 2023<\/a><br><a href=\"https:\/\/modra.si\/wp-content\/uploads\/2024\/02\/LP-Modra-2022-2.pdf\" target=\"_blank\" rel=\"noreferrer noopener\">Letno poro\u010dilo Modre zavarovalnice za leto 2022<\/a><br><a href=\"https:\/\/modra.si\/wp-content\/uploads\/2024\/02\/LP-Modra-2021-1.pdf\" target=\"_blank\" rel=\"noreferrer noopener\">Letno poro\u010dilo Modre zavarovalnice za leto 2021<\/a><br><a href=\"https:\/\/modra.si\/wp-content\/uploads\/2024\/02\/LP-Modra-2020-1.pdf\" target=\"_blank\" rel=\"noreferrer noopener\">Letno poro\u010dilo Modre zavarovalnice za leto 2020<\/a><br><a href=\"https:\/\/modra.si\/wp-content\/uploads\/2024\/02\/LP-Modra-2019-1.pdf\" target=\"_blank\" rel=\"noreferrer noopener\">Letno poro\u010dilo Modre zavarovalnice za leto 2019<\/a><br><a href=\"https:\/\/modra.si\/wp-content\/uploads\/2024\/02\/LP-Modra-2018-1.pdf\" target=\"_blank\" rel=\"noreferrer noopener\">Letno poro\u010dilo Modre zavarovalnice za leto 2018<\/a><br><a href=\"https:\/\/modra.si\/wp-content\/uploads\/2024\/02\/Letno-porocilo-Modra-2017.pdf\" target=\"_blank\" rel=\"noreferrer noopener\">Letno poro\u010dilo Modre zavarovalnice za leto 2017<\/a><br><a href=\"https:\/\/modra.si\/wp-content\/uploads\/2024\/02\/Letno-porocilo-Modra-2016.pdf\" target=\"_blank\" rel=\"noreferrer noopener\">Letno poro\u010dilo Modre zavarovalnice za leto 2016<\/a><br><a href=\"https:\/\/modra.si\/wp-content\/uploads\/2024\/02\/Letno-porocilo-Modra-2015.pdf\" target=\"_blank\" rel=\"noreferrer noopener\">Letno poro\u010dilo Modre zavarovalnice za leto 2015<\/a><br><a href=\"https:\/\/modra.si\/wp-content\/uploads\/2024\/02\/Letno-porocilo-Modra-2014.pdf\" target=\"_blank\" rel=\"noreferrer noopener\">Letno poro\u010dilo Modre zavarovalnice za leto 2014<\/a><br><a href=\"https:\/\/modra.si\/wp-content\/uploads\/2024\/02\/Letno-porocilo-Modra-2013.pdf\" target=\"_blank\" rel=\"noreferrer noopener\">Letno poro\u010dilo Modre zavarovalnice za leto 2013<\/a><br><a href=\"https:\/\/modra.si\/wp-content\/uploads\/2024\/02\/Letno-porocilo-Modra-2012.pdf\" target=\"_blank\" rel=\"noreferrer noopener\">Letno poro\u010dilo Modre zavarovalnice za leto 2012<\/a><br><a href=\"https:\/\/modra.si\/wp-content\/uploads\/2024\/02\/Letno-porocilo-Modra-2011.pdf\" target=\"_blank\" rel=\"noreferrer noopener\">Letno poro\u010dilo Modre zavarovalnice za leto 2011<\/a><\/p>\n\n\n\n<p class=\"wp-block-paragraph\">Letna poro\u010dila skladov:<br><a href=\"https:\/\/modra.si\/wp-content\/uploads\/2025\/05\/Letno-porocilo-KPSJU-2024.pdf\" target=\"_blank\" rel=\"noreferrer noopener\">Letno poro\u010dilo sklada KPSJU za leto 2024<\/a><br><a href=\"https:\/\/modra.si\/wp-content\/uploads\/2025\/05\/Letno-porocilo-MKPS-2024.pdf\" target=\"_blank\" rel=\"noreferrer noopener\">Letno poro\u010dilo sklada MKPS za leto 2024<\/a><br><a href=\"https:\/\/modra.si\/wp-content\/uploads\/2025\/05\/Letno-porocilo-PPS-2024.pdf\" target=\"_blank\" rel=\"noreferrer noopener\">Letno poro\u010dilo sklada PPS za leto 2024<\/a><\/p>\n\n\n\n<h4 class=\"wp-block-heading\">2.e Katalog upravnih, sodnih ali zakonodajnih postopkov<\/h4>\n\n\n\n<p class=\"wp-block-paragraph\">Pravni subjekt ne vodi katalogov upravnih, sodnih ali zakonodajnih postopkov.<\/p>\n\n\n\n<h4 class=\"wp-block-heading\">2.f Seznam javnih evidenc<\/h4>\n\n\n\n<p class=\"wp-block-paragraph\">Pravni subjekt ne upravlja javnih evidenc.<\/p>\n\n\n\n<h4 class=\"wp-block-heading\">2.g Seznam drugih informatiziranih zbirk podatkov<\/h4>\n\n\n\n<p class=\"wp-block-paragraph\">Pravni subjekt ne vodi informatiziranih zbirk javnih podatkov.<\/p>\n\n\n\n<h4 class=\"wp-block-heading\">2.h Seznam pomembnej\u0161ih vsebinskih sklopov informacij javnega zna\u010daja<\/h4>\n\n\n\n<p class=\"wp-block-paragraph\">\u2022 Informacije o sklenjenih pravnih poslih, ki se nana\u0161ajo na donatorske, sponzorske, svetovalne in druge avtorske oziroma intelektualne storitve (<a href=\"https:\/\/modra.si\/wp-content\/uploads\/2024\/07\/Storitve_donacije_sponzorstva.pdf\" target=\"_blank\" rel=\"noreferrer noopener\">datoteka<\/a>)<br>\u2022 Informacije v zvezi z zastopniki, \u010dlani poslovodnega organa, organa upravljanja ali \u010dlana nadzornega organa dru\u017ebe (<a href=\"https:\/\/modra.si\/wp-content\/uploads\/2024\/02\/Organi-upravljanja-in-nadzora-prejemki.pdf\" target=\"_blank\" rel=\"noreferrer noopener\">datoteka<\/a>)<\/p>\n\n\n\n<h3 class=\"wp-block-heading\">3. Opis na\u010dina dostopa do informacij javnega zna\u010daja<\/h3>\n\n\n\n<p class=\"wp-block-paragraph\">Opis dostopa do posameznih sklopov informacij:<br>\u2022 opis dostopa preko spleta z navedbo tehni\u010dnih pogojev in oblik v katerih se nahajajo informacije javnega zna\u010daja: za brskanje po spletnih straneh Modre zavarovalnice, d. d. potrebujete brskalnik Microsoft Edge, Google Chrome ali Mozilla.<br>\u2022 Opis \u00bbfizi\u010dnega\u00ab dostopa z navedbo uradnih ur, prostora in na\u010dina seznanitve z informacijo: Dunajska cesta 119, Ljubljana, uradne ure: po predhodni najavi in uskladitvi z uradno osebo po ZDIJZ.<br>\u2022 Opis dostopa za ljudi s posebnimi potrebami: v zgradbi so dvigala, mo\u017een je dostop za vpogled v dokumente z invalidskimi vozi\u010dki, na spletnih straneh je mo\u017een ogled dokumentov tudi za slabovidne (pove\u010dava \u010drk).<br>\u2022 Opis delnega dostopa: v skladu z 21. \u010dlenom Uredbe o posredovanju in ponovni uporabi informacij javnega zna\u010daja.<\/p>\n\n\n\n<p class=\"wp-block-paragraph\"><a href=\"https:\/\/modra.si\/wp-content\/uploads\/2024\/02\/Obrazec_1a_Zahteva_za_DIJZ.docx\" target=\"_blank\" rel=\"noreferrer noopener\">Zahteva za dostop do informacij javnega zna\u010daja<\/a><br><a href=\"https:\/\/modra.si\/wp-content\/uploads\/2024\/02\/Obrazec_1c_Zahteva_za_DIJZ_-_ponovna_uporaba.docx\" target=\"_blank\" rel=\"noreferrer noopener\">Zahteva za ponovno uporabo informacij javnega zna\u010daja<\/a><\/p>\n\n\n\n<h3 class=\"wp-block-heading\">4. Stro\u0161kovnik pridobitve informacij javnega zna\u010daja<\/h3>\n\n\n\n<p class=\"wp-block-paragraph\">Modra zavarovalnica, d. d., za posredovanje informacij javnega zna\u010daja zara\u010duna materialne stro\u0161ke, ki jih ima s pripravo in posredovanjem prepisa, fotokopije ali elektronskega zapisa zahtevane informacije javnega zna\u010daja. Dru\u017eba ne zara\u010dunava materialnih stro\u0161kov posredovanja informacij, ki ne presegajo 20 eurov (z vklju\u010denim DDV).<\/p>\n\n\n\n<h3 class=\"wp-block-heading\">5. Najpogosteje zahtevane informacije javnega zna\u010daja<\/h3>\n\n\n\n<p class=\"wp-block-paragraph\">Seznam najpogosteje zahtevanih informacij oziroma tematskih sklopov informacij javnega zna\u010daja:<br>\u2022 upravljanje zbirk osebnih podatkov zavarovancev;<br>\u2022 izvajanje intelektualnih storitev (sodelovanje z in\u0161tituti ter izobra\u017eevalnimi ustanovami, izvajanje aktuarskih storitev),<br>\u2022 prejemki organov upravljanja in nadzora dru\u017ebe.<\/p>\n\n\n\n<p class=\"wp-block-paragraph\">Datum objave kataloga: 17. 4. 2014<\/p>\n\n\n\n<p class=\"wp-block-paragraph\">Datum zadnje spremembe kataloga: 1. 1. 2025<\/p>\n","protected":false},"excerpt":{"rendered":"<p>Pravni subjekt:&nbsp;Modra zavarovalnica, d. d., Dunajska cesta 119, 1000 Ljubljana 1. Osnovni podatki o katalogu Odgovorne osebe: Matej Golob Matzele, predsednik uprave, mag. Matija Debelak, \u010dlan uprave, Bo\u0161tjan Vovk, \u010dlan uprave Katalog je v tiskani obliki dostopen na sede\u017eu pravnega subjekta, Dunajska cesta 119, 1000 Ljubljana, v elektronski obliki pa je objavljen na spletni strani [&hellip;]<\/p>\n","protected":false},"author":2,"featured_media":0,"parent":0,"menu_order":0,"comment_status":"closed","ping_status":"closed","template":"","meta":{"_acf_changed":false,"_crdt_document":"","inline_featured_image":false,"footnotes":""},"class_list":["post-9065","page","type-page","status-publish","hentry"],"acf":[],"yoast_head":"<!-- This site is optimized with the Yoast SEO plugin v27.4 - https:\/\/yoast.com\/product\/yoast-seo-wordpress\/ -->\n<title>Katalog informacij javnega zna\u010daja - Modra zavarovalnica, d. d.<\/title>\n<meta name=\"description\" content=\"Katalog informacij javnega zna\u010daja Modre zavarovalnice: osnovni podatki, informacije javnega zna\u010daja ter na\u010din dostopa do informacij.\" \/>\n<meta name=\"robots\" content=\"index, follow, max-snippet:-1, max-image-preview:large, max-video-preview:-1\" \/>\n<link rel=\"canonical\" href=\"https:\/\/modra.si\/en\/catalogue-of-public-information\/\" \/>\n<meta property=\"og:locale\" content=\"en_US\" \/>\n<meta property=\"og:type\" content=\"article\" \/>\n<meta property=\"og:title\" content=\"Katalog informacij javnega zna\u010daja - Modra zavarovalnica, d. d.\" \/>\n<meta property=\"og:description\" content=\"Katalog informacij javnega zna\u010daja Modre zavarovalnice: osnovni podatki, informacije javnega zna\u010daja ter na\u010din dostopa do informacij.\" \/>\n<meta property=\"og:url\" content=\"https:\/\/modra.si\/en\/catalogue-of-public-information\/\" \/>\n<meta property=\"og:site_name\" content=\"Modra zavarovalnica\" \/>\n<meta property=\"article:modified_time\" content=\"2026-03-10T09:04:38+00:00\" \/>\n<meta property=\"og:image\" content=\"https:\/\/modra.si\/wp-content\/uploads\/2026\/02\/Novice.jpg\" \/>\n<meta name=\"twitter:card\" content=\"summary_large_image\" \/>\n<meta name=\"twitter:label1\" content=\"Est. reading time\" \/>\n\t<meta name=\"twitter:data1\" content=\"5 minutes\" \/>\n<script type=\"application\/ld+json\" class=\"yoast-schema-graph\">{\"@context\":\"https:\\\/\\\/schema.org\",\"@graph\":[{\"@type\":\"WebPage\",\"@id\":\"https:\\\/\\\/modra.si\\\/en\\\/catalogue-of-public-information\\\/\",\"url\":\"https:\\\/\\\/modra.si\\\/en\\\/catalogue-of-public-information\\\/\",\"name\":\"Katalog informacij javnega zna\u010daja - Modra zavarovalnica, d. d.\",\"isPartOf\":{\"@id\":\"https:\\\/\\\/modra.si\\\/en\\\/#website\"},\"datePublished\":\"2024-02-09T12:30:35+00:00\",\"dateModified\":\"2026-03-10T09:04:38+00:00\",\"description\":\"Katalog informacij javnega zna\u010daja Modre zavarovalnice: osnovni podatki, informacije javnega zna\u010daja ter na\u010din dostopa do informacij.\",\"breadcrumb\":{\"@id\":\"https:\\\/\\\/modra.si\\\/en\\\/catalogue-of-public-information\\\/#breadcrumb\"},\"inLanguage\":\"en-US\",\"potentialAction\":[{\"@type\":\"ReadAction\",\"target\":[\"https:\\\/\\\/modra.si\\\/en\\\/catalogue-of-public-information\\\/\"]}]},{\"@type\":\"BreadcrumbList\",\"@id\":\"https:\\\/\\\/modra.si\\\/en\\\/catalogue-of-public-information\\\/#breadcrumb\",\"itemListElement\":[{\"@type\":\"ListItem\",\"position\":1,\"name\":\"Home\",\"item\":\"https:\\\/\\\/modra.si\\\/en\\\/\"},{\"@type\":\"ListItem\",\"position\":2,\"name\":\"Catalogue of public information\"}]},{\"@type\":\"WebSite\",\"@id\":\"https:\\\/\\\/modra.si\\\/en\\\/#website\",\"url\":\"https:\\\/\\\/modra.si\\\/en\\\/\",\"name\":\"Modra zavarovalnica\",\"description\":\"Dobrodo\u0161li!\",\"potentialAction\":[{\"@type\":\"SearchAction\",\"target\":{\"@type\":\"EntryPoint\",\"urlTemplate\":\"https:\\\/\\\/modra.si\\\/en\\\/?s={search_term_string}\"},\"query-input\":{\"@type\":\"PropertyValueSpecification\",\"valueRequired\":true,\"valueName\":\"search_term_string\"}}],\"inLanguage\":\"en-US\"}]}<\/script>\n<!-- \/ Yoast SEO plugin. -->","yoast_head_json":{"title":"Katalog informacij javnega zna\u010daja - Modra zavarovalnica, d. d.","description":"Katalog informacij javnega zna\u010daja Modre zavarovalnice: osnovni podatki, informacije javnega zna\u010daja ter na\u010din dostopa do informacij.","robots":{"index":"index","follow":"follow","max-snippet":"max-snippet:-1","max-image-preview":"max-image-preview:large","max-video-preview":"max-video-preview:-1"},"canonical":"https:\/\/modra.si\/en\/catalogue-of-public-information\/","og_locale":"en_US","og_type":"article","og_title":"Katalog informacij javnega zna\u010daja - Modra zavarovalnica, d. d.","og_description":"Katalog informacij javnega zna\u010daja Modre zavarovalnice: osnovni podatki, informacije javnega zna\u010daja ter na\u010din dostopa do informacij.","og_url":"https:\/\/modra.si\/en\/catalogue-of-public-information\/","og_site_name":"Modra zavarovalnica","article_modified_time":"2026-03-10T09:04:38+00:00","og_image":[{"url":"https:\/\/modra.si\/wp-content\/uploads\/2026\/02\/Novice.jpg","type":"","width":"","height":""}],"twitter_card":"summary_large_image","twitter_misc":{"Est. reading time":"5 minutes"},"schema":{"@context":"https:\/\/schema.org","@graph":[{"@type":"WebPage","@id":"https:\/\/modra.si\/en\/catalogue-of-public-information\/","url":"https:\/\/modra.si\/en\/catalogue-of-public-information\/","name":"Katalog informacij javnega zna\u010daja - Modra zavarovalnica, d. d.","isPartOf":{"@id":"https:\/\/modra.si\/en\/#website"},"datePublished":"2024-02-09T12:30:35+00:00","dateModified":"2026-03-10T09:04:38+00:00","description":"Katalog informacij javnega zna\u010daja Modre zavarovalnice: osnovni podatki, informacije javnega zna\u010daja ter na\u010din dostopa do informacij.","breadcrumb":{"@id":"https:\/\/modra.si\/en\/catalogue-of-public-information\/#breadcrumb"},"inLanguage":"en-US","potentialAction":[{"@type":"ReadAction","target":["https:\/\/modra.si\/en\/catalogue-of-public-information\/"]}]},{"@type":"BreadcrumbList","@id":"https:\/\/modra.si\/en\/catalogue-of-public-information\/#breadcrumb","itemListElement":[{"@type":"ListItem","position":1,"name":"Home","item":"https:\/\/modra.si\/en\/"},{"@type":"ListItem","position":2,"name":"Catalogue of public information"}]},{"@type":"WebSite","@id":"https:\/\/modra.si\/en\/#website","url":"https:\/\/modra.si\/en\/","name":"Modra zavarovalnica","description":"Dobrodo\u0161li!","potentialAction":[{"@type":"SearchAction","target":{"@type":"EntryPoint","urlTemplate":"https:\/\/modra.si\/en\/?s={search_term_string}"},"query-input":{"@type":"PropertyValueSpecification","valueRequired":true,"valueName":"search_term_string"}}],"inLanguage":"en-US"}]}},"_links":{"self":[{"href":"https:\/\/modra.si\/en\/wp-json\/wp\/v2\/pages\/9065","targetHints":{"allow":["GET"]}}],"collection":[{"href":"https:\/\/modra.si\/en\/wp-json\/wp\/v2\/pages"}],"about":[{"href":"https:\/\/modra.si\/en\/wp-json\/wp\/v2\/types\/page"}],"author":[{"embeddable":true,"href":"https:\/\/modra.si\/en\/wp-json\/wp\/v2\/users\/2"}],"replies":[{"embeddable":true,"href":"https:\/\/modra.si\/en\/wp-json\/wp\/v2\/comments?post=9065"}],"version-history":[{"count":5,"href":"https:\/\/modra.si\/en\/wp-json\/wp\/v2\/pages\/9065\/revisions"}],"predecessor-version":[{"id":10225,"href":"https:\/\/modra.si\/en\/wp-json\/wp\/v2\/pages\/9065\/revisions\/10225"}],"wp:attachment":[{"href":"https:\/\/modra.si\/en\/wp-json\/wp\/v2\/media?parent=9065"}],"curies":[{"name":"wp","href":"https:\/\/api.w.org\/{rel}","templated":true}]}}