{"id":9066,"date":"2024-02-02T14:26:31","date_gmt":"2024-02-02T14:26:31","guid":{"rendered":"https:\/\/modra.si\/obrazci-in-dokumenti\/"},"modified":"2026-03-10T09:04:40","modified_gmt":"2026-03-10T09:04:40","slug":"forms-and-documents","status":"publish","type":"page","link":"https:\/\/modra.si\/en\/forms-and-documents\/","title":{"rendered":"Forms and documents"},"content":{"rendered":"\n<h1 class=\"wp-block-heading has-text-color has-link-color wp-elements-3b44c90c6c0e2b54ce0beb2064963b2b\" style=\"color:#0050cf\">Obrazci (za dokumente kliknite <a href=\"#dokumenti\">tukaj<\/a>)<\/h1>\n\n<p class=\"wp-block-paragraph\"><a href=\"#varcevanje\">Var\u010devanje<\/a> | <a href=\"#ob-upokojitvi\">Ob upokojitvi<\/a> | <a href=\"#izplacilo\">Izpla\u010dilo<\/a> | <a href=\"#druga-zavarovanja\">Druga zavarovanja<\/a><\/p>\n\n<div style=\"height:40px\" aria-hidden=\"true\" class=\"wp-block-spacer\"><\/div>\n\n<h2 class=\"wp-block-heading\" id=\"varcevanje\">Var\u010devanje<\/h2>\n\n<ul class=\"wp-block-list\">\n<li><a href=\"https:\/\/modra.si\/wp-content\/uploads\/2024\/02\/Pristopna-izjava-PNMZP.docx\" target=\"_blank\" rel=\"noreferrer noopener\">Pristopna izjava<\/a>\u00a0\/\u00a0<a href=\"\/en\/?page_id=9536\">e-sklenitev<\/a><br\/>Za za\u010detek var\u010devanja lahko izpolnite pristopno izjavo in jo, podpisano, po\u0161ljete na na\u0161 naslov. Lahko pa si postopek sklenitve zavarovanja poenostavite in izpolnete spletni obrazec za sklepanje.<\/li>\n\n\n\n<li><a href=\"https:\/\/modra.si\/wp-content\/uploads\/2024\/02\/Individualna-premija.docx\" target=\"_blank\" rel=\"noreferrer noopener\">Vpla\u010devanje individualne premije<\/a><br\/>\u010ce vam premije \u017ee vpla\u010duje delodajalec in \u017eelite var\u010devati tudi sami, izpolnite ta obrazec. Prav tako ta obrazec izpolnite v primeru, da \u017eelite spremeniti vi\u0161ino premije, ki jo vpla\u010dujete ali pa za kraj\u0161i \u010das prenehati vpla\u010devati premije.<\/li>\n\n\n\n<li><a href=\"https:\/\/modra.si\/wp-content\/uploads\/2024\/02\/Zahtevek-za-prenos-2.docx\" target=\"_blank\" rel=\"noreferrer noopener\">Prenos sredstev k Modri<\/a><br\/>\u010ce ste var\u010devali pri konkuren\u010dnem ponudniku in \u017eelite privar\u010devana sredstva prenesti v pokojninski sklad k Modri, izpolnite ta obrazec.<\/li>\n\n\n\n<li><a href=\"https:\/\/modra.si\/wp-content\/uploads\/2024\/02\/Menjava-podsklada-19.docx\" target=\"_blank\" rel=\"noreferrer noopener\">Menjava podsklada<\/a><br\/>Ta obrazec uporabite, \u010de \u017eelite zamenjati podsklad, v katerem trenutno var\u010dujete. Torej prestaviti svoje premije in\/ali \u017ee privar\u010devana sredstva v bolj tvegan ali manj tvegan podsklad.<\/li>\n\n\n\n<li><a href=\"https:\/\/modra.si\/wp-content\/uploads\/2024\/02\/Soglasje-direktna-bremenitev.docx\" target=\"_blank\" rel=\"noreferrer noopener\">Direktna bremenitev (trajni nalog)<\/a><br\/>\u010ce \u017eelite premije pla\u010devati s pomo\u010djo direktne bremenitve, urediti spremembo direktne bremenitve oz. ta na\u010din pla\u010devanja ukiniti, izpolnite ta obrazec.<\/li>\n\n\n\n<li><a href=\"https:\/\/modra.si\/wp-content\/uploads\/2024\/02\/Splosni-pogoji-SEPA.pdf\" target=\"_blank\" rel=\"noreferrer noopener\">Splo\u0161ni pogoji SEPA<\/a><\/li>\n\n\n\n<li><a href=\"https:\/\/modra.si\/wp-content\/uploads\/2024\/02\/Sprememba-bivalisca-19.docx\" target=\"_blank\" rel=\"noreferrer noopener\">Sprememba bivali\u0161\u010da<\/a><\/li>\n\n\n\n<li><a href=\"https:\/\/modra.si\/wp-content\/uploads\/2024\/02\/Posodobitev-osebnih-podatkov.docx\" target=\"_blank\" rel=\"noreferrer noopener\">Posodobitev osebnih podatkov<\/a><\/li>\n\n\n\n<li><a href=\"https:\/\/modra.si\/wp-content\/uploads\/2024\/02\/Dolocitev-upravicencev-1.docx\" target=\"_blank\" rel=\"noreferrer noopener\">Dolo\u010ditev upravi\u010dencev<\/a><br\/>S tem obrazcem lahko dolo\u010dite ali spremenite upravi\u010dence za primer smrti.<\/li>\n<\/ul>\n\n<p class=\"wp-block-paragraph\">\u010ce \u017ee var\u010dujete pri Modri, lahko svoje var\u010devanje \u0161e enostavneje urejate preko spletne storitve\u00a0<a href=\"https:\/\/e.modra.si\/clani\/prijava\" target=\"_blank\" rel=\"noreferrer noopener\">e.Modra.si<\/a>, kjer lahko spremljate svoj pokojninski ra\u010dun pri Modri, naredite razli\u010dne informativne izra\u010dune, urejate svoje osebne podatke ter oddajate zahtevke.<\/p>\n\n<div style=\"height:20px\" aria-hidden=\"true\" class=\"wp-block-spacer\"><\/div>\n\n<h2 class=\"wp-block-heading\" id=\"ob-upokojitvi\">Ob upokojitvi<\/h2>\n\n<ul class=\"wp-block-list\">\n<li><a href=\"https:\/\/modra.si\/wp-content\/uploads\/2024\/02\/Zahtevek-za-info-izracun-rente.docx\" target=\"_blank\" rel=\"noreferrer noopener\">Informativni izra\u010dun rente<\/a><br\/>\u010ce se bli\u017eate upokojitvi ali ste \u017ee upokojeni, lahko s tem obrazcem zahtevate izdelavo informativnega izra\u010duna vi\u0161ine razli\u010dnih vrst rent, ki jih lahko pridobite po upokojitvi.<\/li>\n\n\n\n<li><a href=\"https:\/\/modra.si\/wp-content\/uploads\/2024\/02\/znizana-akontacija-dohodnine.pdf\" target=\"_blank\" rel=\"noreferrer noopener\">Zni\u017eana stopnja akontacije dohodnine \u2013 zahtevek<\/a><br\/>\u010ce ocenjujete, da bo akontacija dohodnine od pokojninske rente previsoka glede na va\u0161o pri\u010dakovano dohodnino na letni ravni, lahko s tem obrazcem zaprosite za odvajanje ni\u017eje stopnje akontacije dohodnine od pokojninske rente.<\/li>\n\n\n\n<li><a href=\"https:\/\/modra.si\/wp-content\/uploads\/2024\/02\/Zahtevek-za-prenos-KSMR-19.docx\" target=\"_blank\" rel=\"noreferrer noopener\">Prenos odkupne vrednosti in izbira zavarovalnice<\/a><br\/>\u010ce imate sredstva privar\u010devana pri konkuren\u010dnem ponudniku in ste se odlo\u010dili za rento pri Modri, izpolnite ta obrazec.<\/li>\n\n\n\n<li id=\"izplacilo-dok\"><a href=\"https:\/\/modra.si\/wp-content\/uploads\/2024\/02\/Sprememba-bancnega-racuna-19.docx\" target=\"_blank\" rel=\"noreferrer noopener\">Sprememba ban\u010dnega ra\u010duna<\/a><br\/>\u010ce ste zamenjali ban\u010dni ra\u010dun in \u017eelite, da vam rento nakazujemo na nov ra\u010dun, nam to lahko sporo\u010dite z izpolnitvijo tega obrazca.<\/li>\n<\/ul>\n\n<div style=\"height:20px\" aria-hidden=\"true\" class=\"wp-block-spacer\"><\/div>\n\n<h2 class=\"wp-block-heading\" id=\"izplacilo\">Izpla\u010dilo<\/h2>\n\n<ul class=\"wp-block-list\">\n<li><a href=\"https:\/\/modra.si\/wp-content\/uploads\/2024\/02\/izplacilo-v-enkratnem-znesku-19.docx\" target=\"_blank\" rel=\"noreferrer noopener\">Zahtevek za izpla\u010dilo v enkratnem znesku<\/a><\/li>\n\n\n\n<li><a href=\"https:\/\/modra.si\/wp-content\/uploads\/2024\/02\/izplacilo-dedic-upravicenec-19-1.docx\" target=\"_blank\" rel=\"noreferrer noopener\">Zahtevek upravi\u010denca\/dedi\u010da za izpla\u010dilo odkupne vrednosti privar\u010devanih sredstev<\/a><br\/>Ta zahtevek izpolnijo upravi\u010denci oz. dedi\u010di v primeru, da je var\u010devalec umrl pred za\u010detkom prejemanja pokojninske rente (dodatne pokojnine).<\/li>\n\n\n\n<li><a href=\"https:\/\/modra.si\/wp-content\/uploads\/2024\/02\/Zahtevek-upravicenca-renta-19.docx\" target=\"_blank\" rel=\"noreferrer noopener\">Zahtevek dedi\u010da\/upravi\u010denca za izpla\u010dilo rente<\/a><br\/>Ta zahtevek izpolni upravi\u010denec oz. dedi\u010d v primeru, da je var\u010devalec \u017ee za\u010del prejemati rento in je izbral eno izmed rent z zajam\u010denim obdobjem izpla\u010dila.<\/li>\n<\/ul>\n\n<div style=\"height:20px\" aria-hidden=\"true\" class=\"wp-block-spacer\"><\/div>\n\n<h2 class=\"wp-block-heading\" id=\"druga-zavarovanja\">Druga zavarovanja<\/h2>\n\n<ul class=\"wp-block-list\">\n<li><a href=\"\/en\/?page_id=9075\" target=\"_blank\" rel=\"noreferrer noopener\">Zavarovanje pravne za\u0161\u010d<\/a><a href=\"\/en\/?page_id=9075\">ite<\/a><\/li>\n\n\n\n<li><a href=\"https:\/\/modra.si\/en\/travel-insurance\/\">Zavarovanje za tujino<\/a><\/li>\n<\/ul>\n\n<div style=\"height:20px\" aria-hidden=\"true\" class=\"wp-block-spacer\"><\/div>\n\n<hr class=\"wp-block-separator has-alpha-channel-opacity\"\/>\n\n<div style=\"height:20px\" aria-hidden=\"true\" class=\"wp-block-spacer\"><\/div>\n\n<p class=\"wp-block-paragraph\">Izpolnjene obrazce nam lahko po\u0161ljete:<\/p>\n\n<ul class=\"wp-block-list\">\n<li>na naslov: Modra zavarovalnica, d. d., Dunajska cesta 119, 1000 Ljubljana;<\/li>\n\n\n\n<li>preko e-po\u0161te (podpisane in skenirane oz. elektronsko podpisane):\u00a0<a href=\"mailto:info@modra.si\" target=\"_blank\" rel=\"noreferrer noopener\">info@modra.si<\/a> ali<\/li>\n\n\n\n<li>se osebno oglasite v na\u0161em\u00a0<a href=\"\/en\/?page_id=9882\" target=\"_blank\" rel=\"noreferrer noopener\">kontaktnem centru<\/a>.<\/li>\n<\/ul>\n\n<hr class=\"wp-block-separator has-alpha-channel-opacity\"\/>\n\n<div style=\"height:80px\" aria-hidden=\"true\" class=\"wp-block-spacer\"><\/div>\n\n<h1 class=\"wp-block-heading has-text-color has-link-color wp-elements-8934516c75caa36f9cec83ec248488c1\" id=\"dokumenti\" style=\"color:#0050cf\">Dokumenti<\/h1>\n\n<p class=\"wp-block-paragraph\"><a href=\"#dokumenti-javni-usluzbenci\">Krovni pokojninski sklad JU<\/a> | <a href=\"#dokumenti-gospodarstvo\">Modri krovni pokojninski sklad<\/a> | <a href=\"#dokumenti-pps\">Prvi pokojninski sklad RS<\/a> | <a href=\"#modra-renta\">Modra renta<\/a><\/p>\n\n<h2 class=\"wp-block-heading\" id=\"dokumenti-javni-usluzbenci\">Krovni pokojninski sklad javnih uslu\u017ebencev<\/h2>\n\n<div style=\"height:20px\" aria-hidden=\"true\" class=\"wp-block-spacer\"><\/div>\n\n<h3 class=\"wp-block-heading\">Pokojninski na\u010drt<\/h3>\n\n<p class=\"wp-block-paragraph\">Pokojninski na\u010drt je osnovni dokument var\u010devanja za dodatno pokojnino, ki ureja pravice in obveznosti strank v obdobju var\u010devanja. Dolo\u010da pogoje, vrsto, obseg in postopek izpla\u010dila privar\u010devanih sredstev.<\/p>\n\n<ul class=\"wp-block-list\">\n<li><a href=\"https:\/\/modra.si\/wp-content\/uploads\/2024\/02\/PNJUK.pdf\" target=\"_blank\" rel=\"noreferrer noopener\">Kolektivni pokojninski na\u010drt<\/a><\/li>\n<\/ul>\n\n<div style=\"height:20px\" aria-hidden=\"true\" class=\"wp-block-spacer\"><\/div>\n\n<h3 class=\"wp-block-heading\">Pravila pokojninskega sklada<\/h3>\n\n<p class=\"wp-block-paragraph\">Gre za skupek dokumentov, ki zajema Pravila sklada, Podrobnej\u0161a pravila sklada ter informacije o upravljavki sklada in drugih osebah. Dokumenti dolo\u010dajo pogoje za vklju\u010ditev v sklad, opredeljujejo stro\u0161ke sklada, obveznost obve\u0161\u010danja, dopustnost prenosov sredstev med (pod)skladi, na\u010din pretvarjanja vpla\u010danih premij v enote premo\u017eenja, izra\u010dun vrednosti enote premo\u017eenja, izra\u010dun donosnosti ter opredeljujejo nalo\u017ebeno politiko sklada.<\/p>\n\n<ul class=\"wp-block-list\">\n<li><a href=\"https:\/\/modra.si\/wp-content\/uploads\/2024\/02\/Pravila-KPSJU.pdf\" target=\"_blank\" rel=\"noreferrer noopener\">Pravila sklada<\/a><\/li>\n\n\n\n<li><a href=\"https:\/\/modra.si\/wp-content\/uploads\/2024\/02\/Pravila-KPSJU-podrobno.pdf\" target=\"_blank\" rel=\"noreferrer noopener\">Podrobnej\u0161a pravila sklada<\/a><\/li>\n\n\n\n<li><a href=\"https:\/\/modra.si\/wp-content\/uploads\/2024\/02\/Priloga-k-Pravilom-KPSJU.pdf\" target=\"_blank\" rel=\"noreferrer noopener\">Informacije o upravljavki sklada<\/a><\/li>\n<\/ul>\n\n<div style=\"height:20px\" aria-hidden=\"true\" class=\"wp-block-spacer\"><\/div>\n\n<h3 class=\"wp-block-heading\">Izjava o nalo\u017ebeni politiki<\/h3>\n\n<p class=\"wp-block-paragraph\">Izjava o nalo\u017ebeni politiki natan\u010dneje opredeljuje strukturo razpr\u0161itve nalo\u017eb sklada med razli\u010dne vrste nalo\u017eb. Pri tem opredeljuje meje izpostavljenosti do posameznih vrst nalo\u017eb, razporeditev nalo\u017eb, opisuje posamezne vrste tveganj, postopke za obvladovanje tveganj, predvideno izpostavljenost var\u010devalcev posameznim vrstam tveganj ipd.<\/p>\n\n<ul class=\"wp-block-list\">\n<li><a href=\"https:\/\/modra.si\/wp-content\/uploads\/2024\/02\/IONP-DPJU.pdf\" target=\"_blank\" rel=\"noreferrer noopener\">Izjava o nalo\u017ebeni politiki dinami\u010dnega podsklada<\/a><\/li>\n\n\n\n<li><a href=\"https:\/\/modra.si\/wp-content\/uploads\/2024\/02\/IONP-PPJU.pdf\" target=\"_blank\" rel=\"noreferrer noopener\">Izjava o nalo\u017ebeni politiki preudarnega podsklada<\/a><\/li>\n\n\n\n<li><a href=\"https:\/\/modra.si\/wp-content\/uploads\/2024\/02\/IONP-ZPJU.pdf\" target=\"_blank\" rel=\"noreferrer noopener\">Izjava o nalo\u017ebeni politiki zajam\u010denega podsklada<\/a><\/li>\n<\/ul>\n\n<p class=\"wp-block-paragraph\">Dokument: <a href=\"https:\/\/modra.si\/wp-content\/uploads\/2024\/04\/Brez-upostevanja-skodljivih-vplivov-investicijskih-odlocitev-na-dejavnike-trajnostnosti.pdf\">Brez upo\u0161tevanja \u0161kodljivih vplivov investicijskih odlo\u010ditev na dejavnike trajnosti<\/a><\/p>\n\n<h3 class=\"wp-block-heading\">Bro\u0161ura<\/h3>\n\n<ul class=\"wp-block-list\">\n<li><a href=\"https:\/\/modra.si\/wp-content\/uploads\/2024\/08\/MODRA_brosura_za_zaposlene_v_javnem_sektorju.pdf\" target=\"_blank\" rel=\"noreferrer noopener\">Bro\u0161ura o var\u010devanju v Krovnem pokojninskem skladu javnih uslu\u017ebencev<\/a><\/li>\n<\/ul>\n\n<div style=\"height:50px\" aria-hidden=\"true\" class=\"wp-block-spacer\"><\/div>\n\n<h2 class=\"wp-block-heading\" id=\"dokumenti-gospodarstvo\">Modri krovni pokojninski sklad<\/h2>\n\n<h3 class=\"wp-block-heading\">Pokojninski na\u010drt<\/h3>\n\n<p class=\"wp-block-paragraph\">Pokojninski na\u010drt je osnovni dokument var\u010devanja za dodatno pokojnino, ki ureja pravice in obveznosti strank v obdobju var\u010devanja. Dolo\u010da pogoje, vrsto, obseg in postopek izpla\u010dila privar\u010devanih sredstev.<\/p>\n\n<ul class=\"wp-block-list\">\n<li><a href=\"https:\/\/modra.si\/wp-content\/uploads\/2024\/02\/PNMZ-K-1.pdf\" target=\"_blank\" rel=\"noreferrer noopener\">Kolektivni pokojninski na\u010drt<\/a><\/li>\n\n\n\n<li><a href=\"https:\/\/modra.si\/wp-content\/uploads\/2024\/02\/PNMZ-P-1.pdf\" target=\"_blank\" rel=\"noreferrer noopener\">Individualni pokojninski na\u010drt<\/a><\/li>\n<\/ul>\n\n<div style=\"height:20px\" aria-hidden=\"true\" class=\"wp-block-spacer\"><\/div>\n\n<h3 class=\"wp-block-heading\">Pravila pokojninskega sklada<\/h3>\n\n<p class=\"wp-block-paragraph\">Gre za skupek dokumentov, ki zajema Pravila sklada, Podrobnej\u0161a pravila sklada ter informacije o upravljavki sklada in drugih osebah. Dokumenti dolo\u010dajo pogoje za vklju\u010ditev v sklad, opredeljujejo stro\u0161ke sklada, obveznost obve\u0161\u010danja, dopustnost prenosov sredstev med (pod)skladi, na\u010din pretvarjanja vpla\u010danih premij v enote premo\u017eenja, izra\u010dun vrednosti enote premo\u017eenja, izra\u010dun donosnosti ter opredeljujejo nalo\u017ebeno politiko sklada.<\/p>\n\n<ul class=\"wp-block-list\">\n<li><a href=\"https:\/\/modra.si\/wp-content\/uploads\/2024\/02\/Pravila-MKPS.pdf\" target=\"_blank\" rel=\"noreferrer noopener\">Pravila sklada<\/a><\/li>\n\n\n\n<li><a href=\"https:\/\/modra.si\/wp-content\/uploads\/2024\/02\/Pravila-MKPS-podrobno.pdf\" target=\"_blank\" rel=\"noreferrer noopener\">Podrobnej\u0161a pravila sklada<\/a><\/li>\n\n\n\n<li><a href=\"https:\/\/modra.si\/wp-content\/uploads\/2024\/06\/Priloga-k-Pravilom-MKPS.pdf\" target=\"_blank\" rel=\"noreferrer noopener\">Informacije o upravljavki sklada<\/a><\/li>\n<\/ul>\n\n<div style=\"height:20px\" aria-hidden=\"true\" class=\"wp-block-spacer\"><\/div>\n\n<h3 class=\"wp-block-heading\">Izjava o nalo\u017ebeni politiki<\/h3>\n\n<p class=\"wp-block-paragraph\">Izjava o nalo\u017ebeni politiki natan\u010dneje opredeljuje strukturo razpr\u0161itve nalo\u017eb sklada med razli\u010dne vrste nalo\u017eb. Pri tem opredeljuje meje izpostavljenosti do posameznih vrst nalo\u017eb, razporeditev nalo\u017eb, opisuje posamezne vrste tveganj, postopke za obvladovanje tveganj, predvideno izpostavljenost var\u010devalcev posameznim vrstam tveganj ipd.<\/p>\n\n<ul class=\"wp-block-list\">\n<li><a href=\"https:\/\/modra.si\/wp-content\/uploads\/2024\/02\/IONP-MDP.pdf\" target=\"_blank\" rel=\"noreferrer noopener\">Izjava o nalo\u017ebeni politiki dinami\u010dnega podsklada<\/a><\/li>\n\n\n\n<li><a href=\"https:\/\/modra.si\/wp-content\/uploads\/2024\/02\/IONP-MPP.pdf\" target=\"_blank\" rel=\"noreferrer noopener\">Izjava o nalo\u017ebeni politiki preudarnega podsklada<\/a><\/li>\n\n\n\n<li><a href=\"https:\/\/modra.si\/wp-content\/uploads\/2024\/02\/IONP-MZP.pdf\" target=\"_blank\" rel=\"noreferrer noopener\">Izjava o nalo\u017ebeni politiki zajam\u010denega podsklada<\/a><\/li>\n<\/ul>\n\n<p class=\"wp-block-paragraph\">Dokument: <a href=\"https:\/\/modra.si\/wp-content\/uploads\/2024\/04\/Brez-upostevanja-skodljivih-vplivov-investicijskih-odlocitev-na-dejavnike-trajnostnosti.pdf\">Brez upo\u0161tevanja \u0161kodljivih vplivov investicijskih odlo\u010ditev na dejavnike trajnosti<\/a><\/p>\n\n<h3 class=\"wp-block-heading\">Bro\u0161ura<\/h3>\n\n<ul class=\"wp-block-list\">\n<li><a href=\"https:\/\/modra.si\/wp-content\/uploads\/2024\/08\/MODRA_brosura_za_zaposlene_v_gospodarstvu.pdf\" target=\"_blank\" rel=\"noreferrer noopener\">Bro\u0161ura o var\u010devanju v Modrem krovnem pokojninskem skladu<\/a><\/li>\n<\/ul>\n\n<div style=\"height:50px\" aria-hidden=\"true\" class=\"wp-block-spacer\"><\/div>\n\n<h2 class=\"wp-block-heading\" id=\"dokumenti-pps\">Prvi pokojninski sklad RS<\/h2>\n\n<ul class=\"wp-block-list\">\n<li><a href=\"https:\/\/modra.si\/wp-content\/uploads\/2024\/02\/Splosni-pogoji-PPS.pdf\" target=\"_blank\" rel=\"noreferrer noopener\">Splo\u0161ni pogoji<\/a><\/li>\n\n\n\n<li><a href=\"https:\/\/modra.si\/wp-content\/uploads\/2024\/02\/Zajamcena-vrednost-tocke-PPS.pdf\" target=\"_blank\" rel=\"noreferrer noopener\">Tabela zajam\u010dene vrednosti to\u010dke PPS<\/a><\/li>\n<\/ul>\n\n<p class=\"wp-block-paragraph\">Dokument: <a href=\"https:\/\/modra.si\/wp-content\/uploads\/2024\/04\/Brez-upostevanja-skodljivih-vplivov-investicijskih-odlocitev-na-dejavnike-trajnostnosti.pdf\">Brez upo\u0161tevanja \u0161kodljivih vplivov investicijskih odlo\u010ditev na dejavnike trajnosti<\/a><\/p>\n\n<div style=\"height:60px\" aria-hidden=\"true\" class=\"wp-block-spacer\"><\/div>\n\n<h2 class=\"wp-block-heading\" id=\"modra-renta\">Kritni sklad Modra renta 2<\/h2>\n\n<p class=\"wp-block-paragraph\">Pokojninski na\u010drt za izpla\u010devanje dodatne pokojnine (Kritni sklad Modra renta 2) je sestavni del pogodbe o izpla\u010devanju dodatne pokojnine iz dodatnega pokojninskega zavarovanja, sklenjene med Modro zavarovalnico in zavarovancem.<\/p>\n\n<p class=\"wp-block-paragraph\">Pri izra\u010dunu vi\u0161ine dodatne pokojnine Modra zavarovalnica upo\u0161teva tudi\u00a0<a href=\"http:\/\/www.pisrs.si\/Pis.web\/pregledPredpisa?id=PRAV12798\" target=\"_blank\" rel=\"noreferrer noopener\">Pravilnik o podrobnej\u0161ih pravilih in minimalnih zahtevah<\/a>, ki jih zavarovalnica ali pokojninska dru\u017eba upo\u0161tevata pri izra\u010dunu pokojninske rente.<\/p>\n\n<ul class=\"wp-block-list\">\n<li><a href=\"https:\/\/modra.si\/wp-content\/uploads\/2024\/02\/PN-R3.pdf\" target=\"_blank\" rel=\"noreferrer noopener\">Pokojninski na\u010drt<\/a><\/li>\n\n\n\n<li><a href=\"https:\/\/modra.si\/wp-content\/uploads\/2024\/07\/Brosura_Pokojninska-renta.pdf\" target=\"_blank\" rel=\"noreferrer noopener\">Bro\u0161ura o izpla\u010devanju dodatne pokojnine<\/a><\/li>\n<\/ul>\n\n<p class=\"wp-block-paragraph\">Dokument: <a href=\"https:\/\/modra.si\/wp-content\/uploads\/2024\/04\/Brez-upostevanja-skodljivih-vplivov-investicijskih-odlocitev-na-dejavnike-trajnostnosti.pdf\">Brez upo\u0161tevanja \u0161kodljivih vplivov investicijskih odlo\u010ditev na dejavnike trajnosti<\/a><\/p>\n\n<div style=\"height:60px\" aria-hidden=\"true\" class=\"wp-block-spacer\"><\/div>\n\n<h2 class=\"wp-block-heading\">Ostali dokumenti<\/h2>\n\n<p class=\"wp-block-paragraph\"><a href=\"\/en\/?page_id=9061\">Ostali pomembnej\u0161i dokumenti<\/a><\/p>\n","protected":false},"excerpt":{"rendered":"<p>Obrazci (za dokumente kliknite tukaj) Var\u010devanje | Ob upokojitvi | Izpla\u010dilo | Druga zavarovanja Var\u010devanje \u010ce \u017ee var\u010dujete pri Modri, lahko svoje var\u010devanje \u0161e enostavneje urejate preko spletne storitve\u00a0e.Modra.si, kjer lahko spremljate svoj pokojninski ra\u010dun pri Modri, naredite razli\u010dne informativne izra\u010dune, urejate svoje osebne podatke ter oddajate zahtevke. Ob upokojitvi Izpla\u010dilo Druga zavarovanja Izpolnjene obrazce [&hellip;]<\/p>\n","protected":false},"author":2,"featured_media":0,"parent":0,"menu_order":0,"comment_status":"closed","ping_status":"closed","template":"","meta":{"_acf_changed":false,"_crdt_document":"","inline_featured_image":false,"footnotes":""},"class_list":["post-9066","page","type-page","status-publish","hentry"],"acf":[],"yoast_head":"<!-- This site is optimized with the Yoast SEO plugin v27.4 - https:\/\/yoast.com\/product\/yoast-seo-wordpress\/ -->\n<title>Obrazci in dokumenti - Modra zavarovalnica, d.d.<\/title>\n<meta name=\"description\" content=\"Na tej povezavi najdete vse potrebne obrazce in dokumente za sklenitev dodatnega pokojninskega zavarovanja pri Modri ali upravljanje z njim.\" \/>\n<meta name=\"robots\" content=\"index, follow, max-snippet:-1, max-image-preview:large, max-video-preview:-1\" \/>\n<link rel=\"canonical\" href=\"https:\/\/modra.si\/en\/forms-and-documents\/\" \/>\n<meta property=\"og:locale\" content=\"en_US\" \/>\n<meta property=\"og:type\" content=\"article\" \/>\n<meta property=\"og:title\" content=\"Obrazci in dokumenti - Modra zavarovalnica, d.d.\" \/>\n<meta property=\"og:description\" content=\"Na tej povezavi najdete vse potrebne obrazce in dokumente za sklenitev dodatnega pokojninskega zavarovanja pri Modri ali upravljanje z njim.\" \/>\n<meta property=\"og:url\" content=\"https:\/\/modra.si\/en\/forms-and-documents\/\" \/>\n<meta property=\"og:site_name\" content=\"Modra zavarovalnica\" \/>\n<meta property=\"article:modified_time\" content=\"2026-03-10T09:04:40+00:00\" \/>\n<meta property=\"og:image\" content=\"https:\/\/modra.si\/wp-content\/uploads\/2026\/02\/Novice.jpg\" \/>\n<meta name=\"twitter:card\" content=\"summary_large_image\" \/>\n<meta name=\"twitter:label1\" content=\"Est. reading time\" \/>\n\t<meta name=\"twitter:data1\" content=\"6 minutes\" \/>\n<script type=\"application\/ld+json\" class=\"yoast-schema-graph\">{\"@context\":\"https:\\\/\\\/schema.org\",\"@graph\":[{\"@type\":\"WebPage\",\"@id\":\"https:\\\/\\\/modra.si\\\/en\\\/forms-and-documents\\\/\",\"url\":\"https:\\\/\\\/modra.si\\\/en\\\/forms-and-documents\\\/\",\"name\":\"Obrazci in dokumenti - Modra zavarovalnica, d.d.\",\"isPartOf\":{\"@id\":\"https:\\\/\\\/modra.si\\\/en\\\/#website\"},\"datePublished\":\"2024-02-02T14:26:31+00:00\",\"dateModified\":\"2026-03-10T09:04:40+00:00\",\"description\":\"Na tej povezavi najdete vse potrebne obrazce in dokumente za sklenitev dodatnega pokojninskega zavarovanja pri Modri ali upravljanje z njim.\",\"breadcrumb\":{\"@id\":\"https:\\\/\\\/modra.si\\\/en\\\/forms-and-documents\\\/#breadcrumb\"},\"inLanguage\":\"en-US\",\"potentialAction\":[{\"@type\":\"ReadAction\",\"target\":[\"https:\\\/\\\/modra.si\\\/en\\\/forms-and-documents\\\/\"]}]},{\"@type\":\"BreadcrumbList\",\"@id\":\"https:\\\/\\\/modra.si\\\/en\\\/forms-and-documents\\\/#breadcrumb\",\"itemListElement\":[{\"@type\":\"ListItem\",\"position\":1,\"name\":\"Home\",\"item\":\"https:\\\/\\\/modra.si\\\/en\\\/\"},{\"@type\":\"ListItem\",\"position\":2,\"name\":\"Forms and documents\"}]},{\"@type\":\"WebSite\",\"@id\":\"https:\\\/\\\/modra.si\\\/en\\\/#website\",\"url\":\"https:\\\/\\\/modra.si\\\/en\\\/\",\"name\":\"Modra zavarovalnica\",\"description\":\"Dobrodo\u0161li!\",\"potentialAction\":[{\"@type\":\"SearchAction\",\"target\":{\"@type\":\"EntryPoint\",\"urlTemplate\":\"https:\\\/\\\/modra.si\\\/en\\\/?s={search_term_string}\"},\"query-input\":{\"@type\":\"PropertyValueSpecification\",\"valueRequired\":true,\"valueName\":\"search_term_string\"}}],\"inLanguage\":\"en-US\"}]}<\/script>\n<!-- \/ Yoast SEO plugin. -->","yoast_head_json":{"title":"Obrazci in dokumenti - Modra zavarovalnica, d.d.","description":"Na tej povezavi najdete vse potrebne obrazce in dokumente za sklenitev dodatnega pokojninskega zavarovanja pri Modri ali upravljanje z njim.","robots":{"index":"index","follow":"follow","max-snippet":"max-snippet:-1","max-image-preview":"max-image-preview:large","max-video-preview":"max-video-preview:-1"},"canonical":"https:\/\/modra.si\/en\/forms-and-documents\/","og_locale":"en_US","og_type":"article","og_title":"Obrazci in dokumenti - Modra zavarovalnica, d.d.","og_description":"Na tej povezavi najdete vse potrebne obrazce in dokumente za sklenitev dodatnega pokojninskega zavarovanja pri Modri ali upravljanje z njim.","og_url":"https:\/\/modra.si\/en\/forms-and-documents\/","og_site_name":"Modra zavarovalnica","article_modified_time":"2026-03-10T09:04:40+00:00","og_image":[{"url":"https:\/\/modra.si\/wp-content\/uploads\/2026\/02\/Novice.jpg","type":"","width":"","height":""}],"twitter_card":"summary_large_image","twitter_misc":{"Est. reading time":"6 minutes"},"schema":{"@context":"https:\/\/schema.org","@graph":[{"@type":"WebPage","@id":"https:\/\/modra.si\/en\/forms-and-documents\/","url":"https:\/\/modra.si\/en\/forms-and-documents\/","name":"Obrazci in dokumenti - Modra zavarovalnica, d.d.","isPartOf":{"@id":"https:\/\/modra.si\/en\/#website"},"datePublished":"2024-02-02T14:26:31+00:00","dateModified":"2026-03-10T09:04:40+00:00","description":"Na tej povezavi najdete vse potrebne obrazce in dokumente za sklenitev dodatnega pokojninskega zavarovanja pri Modri ali upravljanje z njim.","breadcrumb":{"@id":"https:\/\/modra.si\/en\/forms-and-documents\/#breadcrumb"},"inLanguage":"en-US","potentialAction":[{"@type":"ReadAction","target":["https:\/\/modra.si\/en\/forms-and-documents\/"]}]},{"@type":"BreadcrumbList","@id":"https:\/\/modra.si\/en\/forms-and-documents\/#breadcrumb","itemListElement":[{"@type":"ListItem","position":1,"name":"Home","item":"https:\/\/modra.si\/en\/"},{"@type":"ListItem","position":2,"name":"Forms and documents"}]},{"@type":"WebSite","@id":"https:\/\/modra.si\/en\/#website","url":"https:\/\/modra.si\/en\/","name":"Modra zavarovalnica","description":"Dobrodo\u0161li!","potentialAction":[{"@type":"SearchAction","target":{"@type":"EntryPoint","urlTemplate":"https:\/\/modra.si\/en\/?s={search_term_string}"},"query-input":{"@type":"PropertyValueSpecification","valueRequired":true,"valueName":"search_term_string"}}],"inLanguage":"en-US"}]}},"_links":{"self":[{"href":"https:\/\/modra.si\/en\/wp-json\/wp\/v2\/pages\/9066","targetHints":{"allow":["GET"]}}],"collection":[{"href":"https:\/\/modra.si\/en\/wp-json\/wp\/v2\/pages"}],"about":[{"href":"https:\/\/modra.si\/en\/wp-json\/wp\/v2\/types\/page"}],"author":[{"embeddable":true,"href":"https:\/\/modra.si\/en\/wp-json\/wp\/v2\/users\/2"}],"replies":[{"embeddable":true,"href":"https:\/\/modra.si\/en\/wp-json\/wp\/v2\/comments?post=9066"}],"version-history":[{"count":5,"href":"https:\/\/modra.si\/en\/wp-json\/wp\/v2\/pages\/9066\/revisions"}],"predecessor-version":[{"id":11971,"href":"https:\/\/modra.si\/en\/wp-json\/wp\/v2\/pages\/9066\/revisions\/11971"}],"wp:attachment":[{"href":"https:\/\/modra.si\/en\/wp-json\/wp\/v2\/media?parent=9066"}],"curies":[{"name":"wp","href":"https:\/\/api.w.org\/{rel}","templated":true}]}}