{"id":9070,"date":"2024-02-02T11:13:27","date_gmt":"2024-02-02T11:13:27","guid":{"rendered":"https:\/\/modra.si\/letna-porocila\/"},"modified":"2026-03-10T09:04:37","modified_gmt":"2026-03-10T09:04:37","slug":"annual-reports","status":"publish","type":"page","link":"https:\/\/modra.si\/en\/about-us\/annual-reports\/","title":{"rendered":"Annual reports"},"content":{"rendered":"\n<h1 class=\"wp-block-heading\">Letna poro\u010dila vzajemnih pokojninskih skladov<\/h1>\n\n\n\n<h2 class=\"wp-block-heading\">Pokojninski sklad javnih uslu\u017ebencev<\/h2>\n\n\n\n<ul class=\"wp-block-list\">\n<li><a href=\"https:\/\/modra.si\/wp-content\/uploads\/2025\/05\/Letno-porocilo-KPSJU-2024.pdf\" target=\"_blank\" rel=\"noreferrer noopener\">Letno poro\u010dilo sklada KPSJU za leto 2024<\/a><\/li>\n\n\n\n<li><a href=\"https:\/\/modra.si\/wp-content\/uploads\/2025\/08\/Povzetek-letnega-porocila-KPSJU-za-leto-2024.pdf\" target=\"_blank\" rel=\"noreferrer noopener\">Povzetek letnega poro\u010dila KPSJU za leto 2024<\/a><\/li>\n<\/ul>\n\n\n\n<h2 class=\"wp-block-heading\">Modri krovni pokojninski sklad<\/h2>\n\n\n\n<ul class=\"wp-block-list\">\n<li><a href=\"https:\/\/modra.si\/wp-content\/uploads\/2025\/05\/Letno-porocilo-MKPS-2024.pdf\" target=\"_blank\" rel=\"noreferrer noopener\">Letno poro\u010dilo sklada MKPS za leto 2024<\/a><\/li>\n\n\n\n<li><a href=\"https:\/\/modra.si\/wp-content\/uploads\/2025\/06\/Povzetek-letnega-porocila-MKPS-za-leto-2024.pdf\" target=\"_blank\" rel=\"noreferrer noopener\">Povzetek letnega poro\u010dila MKPS za leto 2024<\/a><\/li>\n<\/ul>\n\n\n\n<h2 class=\"wp-block-heading\">Prvi pokojninski sklad RS<\/h2>\n\n\n\n<ul class=\"wp-block-list\">\n<li><a href=\"https:\/\/modra.si\/wp-content\/uploads\/2025\/05\/Letno-porocilo-PPS-2024.pdf\" target=\"_blank\" rel=\"noreferrer noopener\">Letno poro\u010dilo sklada PPS za leto 2024<\/a><\/li>\n\n\n\n<li><a href=\"https:\/\/modra.si\/wp-content\/uploads\/2025\/05\/Povzetek-letnega-porocila-PPS-2024.pdf\" target=\"_blank\" rel=\"noreferrer noopener\">Povzetek letnega poro\u010dila PPS za leto 2024<\/a><\/li>\n<\/ul>\n\n\n\n<p class=\"wp-block-paragraph\"><\/p>\n\n\n\n<p class=\"wp-block-paragraph\"><a href=\"https:\/\/modra.si\/o-nas\/letna-porocila\/pokojninski-skladi\/\">Arhiv letnih poro\u010dil pokojninskih skladov<\/a><\/p>\n\n\n\n<div style=\"height:25px\" aria-hidden=\"true\" class=\"wp-block-spacer\"><\/div>\n\n\n\n<h1 class=\"wp-block-heading\">Letno poro\u010dilo Modre zavarovalnice<\/h1>\n\n\n\n<ul class=\"wp-block-list\">\n<li><a href=\"https:\/\/modra.si\/wp-content\/uploads\/2025\/06\/Letno-porocilo-Modra-2024.pdf\" target=\"_blank\" rel=\"noreferrer noopener\">Letno poro\u010dilo Modre za leto 2024<\/a><\/li>\n\n\n\n<li><a href=\"https:\/\/modra.si\/wp-content\/uploads\/2024\/10\/Annual-report-Modra-2023.pdf\">Annual report of Modra zavarovalnica for 2024<\/a><\/li>\n<\/ul>\n\n\n\n<p class=\"wp-block-paragraph\"><\/p>\n\n\n\n<p class=\"wp-block-paragraph\"><a href=\"\/en\/?page_id=9068\">Arhiv letnih poro\u010dil Modre zavarovalnice<\/a><\/p>\n\n\n\n<h1 class=\"wp-block-heading\"><\/h1>\n","protected":false},"excerpt":{"rendered":"<p>Letna poro\u010dila vzajemnih pokojninskih skladov Pokojninski sklad javnih uslu\u017ebencev Modri krovni pokojninski sklad Prvi pokojninski sklad RS Arhiv letnih poro\u010dil pokojninskih skladov Letno poro\u010dilo Modre zavarovalnice Arhiv letnih poro\u010dil Modre zavarovalnice<\/p>\n","protected":false},"author":2,"featured_media":0,"parent":9242,"menu_order":0,"comment_status":"closed","ping_status":"closed","template":"","meta":{"_acf_changed":false,"_crdt_document":"","inline_featured_image":false,"footnotes":""},"class_list":["post-9070","page","type-page","status-publish","hentry"],"acf":[],"yoast_head":"<!-- This site is optimized with the Yoast SEO plugin v27.4 - https:\/\/yoast.com\/product\/yoast-seo-wordpress\/ -->\n<title>Letna poro\u010dila - Modra zavarovalnica, d. d.<\/title>\n<meta name=\"description\" content=\"Letna poro\u010dila Modre zavarovalnice in pokojninskih skladov v njenem upravljanju za preteklo koledarsko leto.\" \/>\n<meta name=\"robots\" content=\"index, follow, max-snippet:-1, max-image-preview:large, max-video-preview:-1\" \/>\n<link rel=\"canonical\" href=\"https:\/\/modra.si\/en\/about-us\/annual-reports\/\" \/>\n<meta property=\"og:locale\" content=\"en_US\" \/>\n<meta property=\"og:type\" content=\"article\" \/>\n<meta property=\"og:title\" content=\"Letna poro\u010dila - Modra zavarovalnica, d. d.\" \/>\n<meta property=\"og:description\" content=\"Letna poro\u010dila Modre zavarovalnice in pokojninskih skladov v njenem upravljanju za preteklo koledarsko leto.\" \/>\n<meta property=\"og:url\" content=\"https:\/\/modra.si\/en\/about-us\/annual-reports\/\" \/>\n<meta property=\"og:site_name\" content=\"Modra zavarovalnica\" \/>\n<meta property=\"article:modified_time\" content=\"2026-03-10T09:04:37+00:00\" \/>\n<meta property=\"og:image\" content=\"https:\/\/modra.si\/wp-content\/uploads\/2026\/02\/Novice.jpg\" \/>\n<meta name=\"twitter:card\" content=\"summary_large_image\" \/>\n<meta name=\"twitter:label1\" content=\"Est. reading time\" \/>\n\t<meta name=\"twitter:data1\" content=\"1 minute\" \/>\n<script type=\"application\/ld+json\" class=\"yoast-schema-graph\">{\"@context\":\"https:\\\/\\\/schema.org\",\"@graph\":[{\"@type\":\"WebPage\",\"@id\":\"https:\\\/\\\/modra.si\\\/en\\\/about-us\\\/annual-reports\\\/\",\"url\":\"https:\\\/\\\/modra.si\\\/en\\\/about-us\\\/annual-reports\\\/\",\"name\":\"Letna poro\u010dila - Modra zavarovalnica, d. d.\",\"isPartOf\":{\"@id\":\"https:\\\/\\\/modra.si\\\/en\\\/#website\"},\"datePublished\":\"2024-02-02T11:13:27+00:00\",\"dateModified\":\"2026-03-10T09:04:37+00:00\",\"description\":\"Letna poro\u010dila Modre zavarovalnice in pokojninskih skladov v njenem upravljanju za preteklo koledarsko leto.\",\"breadcrumb\":{\"@id\":\"https:\\\/\\\/modra.si\\\/en\\\/about-us\\\/annual-reports\\\/#breadcrumb\"},\"inLanguage\":\"en-US\",\"potentialAction\":[{\"@type\":\"ReadAction\",\"target\":[\"https:\\\/\\\/modra.si\\\/en\\\/about-us\\\/annual-reports\\\/\"]}]},{\"@type\":\"BreadcrumbList\",\"@id\":\"https:\\\/\\\/modra.si\\\/en\\\/about-us\\\/annual-reports\\\/#breadcrumb\",\"itemListElement\":[{\"@type\":\"ListItem\",\"position\":1,\"name\":\"Home\",\"item\":\"https:\\\/\\\/modra.si\\\/en\\\/\"},{\"@type\":\"ListItem\",\"position\":2,\"name\":\"About us\",\"item\":\"https:\\\/\\\/modra.si\\\/en\\\/about-us\\\/\"},{\"@type\":\"ListItem\",\"position\":3,\"name\":\"Annual reports\"}]},{\"@type\":\"WebSite\",\"@id\":\"https:\\\/\\\/modra.si\\\/en\\\/#website\",\"url\":\"https:\\\/\\\/modra.si\\\/en\\\/\",\"name\":\"Modra zavarovalnica\",\"description\":\"Dobrodo\u0161li!\",\"potentialAction\":[{\"@type\":\"SearchAction\",\"target\":{\"@type\":\"EntryPoint\",\"urlTemplate\":\"https:\\\/\\\/modra.si\\\/en\\\/?s={search_term_string}\"},\"query-input\":{\"@type\":\"PropertyValueSpecification\",\"valueRequired\":true,\"valueName\":\"search_term_string\"}}],\"inLanguage\":\"en-US\"}]}<\/script>\n<!-- \/ Yoast SEO plugin. -->","yoast_head_json":{"title":"Letna poro\u010dila - Modra zavarovalnica, d. d.","description":"Letna poro\u010dila Modre zavarovalnice in pokojninskih skladov v njenem upravljanju za preteklo koledarsko leto.","robots":{"index":"index","follow":"follow","max-snippet":"max-snippet:-1","max-image-preview":"max-image-preview:large","max-video-preview":"max-video-preview:-1"},"canonical":"https:\/\/modra.si\/en\/about-us\/annual-reports\/","og_locale":"en_US","og_type":"article","og_title":"Letna poro\u010dila - Modra zavarovalnica, d. d.","og_description":"Letna poro\u010dila Modre zavarovalnice in pokojninskih skladov v njenem upravljanju za preteklo koledarsko leto.","og_url":"https:\/\/modra.si\/en\/about-us\/annual-reports\/","og_site_name":"Modra zavarovalnica","article_modified_time":"2026-03-10T09:04:37+00:00","og_image":[{"url":"https:\/\/modra.si\/wp-content\/uploads\/2026\/02\/Novice.jpg","type":"","width":"","height":""}],"twitter_card":"summary_large_image","twitter_misc":{"Est. reading time":"1 minute"},"schema":{"@context":"https:\/\/schema.org","@graph":[{"@type":"WebPage","@id":"https:\/\/modra.si\/en\/about-us\/annual-reports\/","url":"https:\/\/modra.si\/en\/about-us\/annual-reports\/","name":"Letna poro\u010dila - Modra zavarovalnica, d. d.","isPartOf":{"@id":"https:\/\/modra.si\/en\/#website"},"datePublished":"2024-02-02T11:13:27+00:00","dateModified":"2026-03-10T09:04:37+00:00","description":"Letna poro\u010dila Modre zavarovalnice in pokojninskih skladov v njenem upravljanju za preteklo koledarsko leto.","breadcrumb":{"@id":"https:\/\/modra.si\/en\/about-us\/annual-reports\/#breadcrumb"},"inLanguage":"en-US","potentialAction":[{"@type":"ReadAction","target":["https:\/\/modra.si\/en\/about-us\/annual-reports\/"]}]},{"@type":"BreadcrumbList","@id":"https:\/\/modra.si\/en\/about-us\/annual-reports\/#breadcrumb","itemListElement":[{"@type":"ListItem","position":1,"name":"Home","item":"https:\/\/modra.si\/en\/"},{"@type":"ListItem","position":2,"name":"About us","item":"https:\/\/modra.si\/en\/about-us\/"},{"@type":"ListItem","position":3,"name":"Annual reports"}]},{"@type":"WebSite","@id":"https:\/\/modra.si\/en\/#website","url":"https:\/\/modra.si\/en\/","name":"Modra zavarovalnica","description":"Dobrodo\u0161li!","potentialAction":[{"@type":"SearchAction","target":{"@type":"EntryPoint","urlTemplate":"https:\/\/modra.si\/en\/?s={search_term_string}"},"query-input":{"@type":"PropertyValueSpecification","valueRequired":true,"valueName":"search_term_string"}}],"inLanguage":"en-US"}]}},"_links":{"self":[{"href":"https:\/\/modra.si\/en\/wp-json\/wp\/v2\/pages\/9070","targetHints":{"allow":["GET"]}}],"collection":[{"href":"https:\/\/modra.si\/en\/wp-json\/wp\/v2\/pages"}],"about":[{"href":"https:\/\/modra.si\/en\/wp-json\/wp\/v2\/types\/page"}],"author":[{"embeddable":true,"href":"https:\/\/modra.si\/en\/wp-json\/wp\/v2\/users\/2"}],"replies":[{"embeddable":true,"href":"https:\/\/modra.si\/en\/wp-json\/wp\/v2\/comments?post=9070"}],"version-history":[{"count":15,"href":"https:\/\/modra.si\/en\/wp-json\/wp\/v2\/pages\/9070\/revisions"}],"predecessor-version":[{"id":11970,"href":"https:\/\/modra.si\/en\/wp-json\/wp\/v2\/pages\/9070\/revisions\/11970"}],"up":[{"embeddable":true,"href":"https:\/\/modra.si\/en\/wp-json\/wp\/v2\/pages\/9242"}],"wp:attachment":[{"href":"https:\/\/modra.si\/en\/wp-json\/wp\/v2\/media?parent=9070"}],"curies":[{"name":"wp","href":"https:\/\/api.w.org\/{rel}","templated":true}]}}