{"id":9071,"date":"2024-02-01T18:28:46","date_gmt":"2024-02-01T18:28:46","guid":{"rendered":"https:\/\/modra.si\/modri-net\/"},"modified":"2026-03-10T09:04:41","modified_gmt":"2026-03-10T09:04:41","slug":"modri-net","status":"publish","type":"page","link":"https:\/\/modra.si\/en\/modri-net\/","title":{"rendered":"ModriNet"},"content":{"rendered":"\n<p class=\"wp-block-paragraph\">ModriNet je spletna storitev, namenjena pregledovanju in izmenjavi podatkov med delodajalcem, ki za svoje zaposlene pla\u010duje premije dodatnega pokojninskega zavarovanja in Modro zavarovalnico. Storitev je preprosta za uporabo, zadostuje vsem varnostnim zahtevam spletnih aplikacij ter zasleduje najnovej\u0161e tehni\u010dne usmeritve in priporo\u010dila.<\/p>\n\n\n\n<div class=\"wp-block-buttons is-content-justification-center is-layout-flex wp-container-core-buttons-is-layout-5d660988 wp-block-buttons-is-layout-flex\">\n<div class=\"wp-block-button has-custom-width wp-block-button__width-50\"><a class=\"wp-block-button__link wp-element-button\" href=\"https:\/\/e.modra.si\/\">Vstopi v ModriNet<\/a><\/div>\n<\/div>\n\n\n\n<p class=\"wp-block-paragraph\"><br>ModriNet omogo\u010da:<\/p>\n\n\n\n<ul class=\"wp-block-list\">\n<li>enostavno pripravo in oddajo podatkov, potrebnih za izvajanje dodatnega pokojninskega zavarovanja,<\/li>\n\n\n\n<li>mo\u017enost vpogleda v podatke,<\/li>\n\n\n\n<li>uporabo enotne strukture datoteke v razli\u010dnih formatih, kar pomeni upravljanje vseh podatkov na enem mestu,<\/li>\n\n\n\n<li>obdelavo in kontrolo podatkov v \u010dasu oddaje podatkov,<\/li>\n\n\n\n<li>uporabniku prijazno in enostavno upravljanje z zavrnjenimi podatki,<\/li>\n\n\n\n<li>opozarjanje na nepravilnosti,<\/li>\n\n\n\n<li>pomo\u010d pri delu s storitvijo,<\/li>\n\n\n\n<li>dostop do vseh oddanih in prejetih datotek.<\/li>\n<\/ul>\n\n\n\n<p class=\"wp-block-paragraph\">Storitev ModriNet omogo\u010da tako \u00bbbralni na\u010din\u00ab prijave, preko katerega lahko vzpostavite prvi stik s storitvijo kot tudi uporabo z digitalnim potrdilom, ki omogo\u010da operativno izmenjavo podatkov med podjetjem in Modro zavarovalnico. Za operativno izmenjavo podatkov morate imeti kvalificirano digitalno potrdilo, ki omogo\u010da elektronsko izmenjavo podatkov preko elektronsko podpisanih datotek in obrazcev v skladu z ZEPEP.<\/p>\n\n\n\n<h3 class=\"wp-block-heading\">Kaj potrebujem za uporabo Modrega Neta<\/h3>\n\n\n\n<p class=\"wp-block-paragraph\">Za uporabo Modrega Neta potrebujete:<\/p>\n\n\n\n<ul class=\"wp-block-list\">\n<li>osebni ra\u010dunalnik z dostopom do interneta in s spletnim brskalnikom,<\/li>\n\n\n\n<li>elektronski naslov za prejem elektronske po\u0161te in<\/li>\n\n\n\n<li>kvalificirano potrdilo overitelja (SIGEN-CA, PO\u0160TA\u00aeCA, SIGOV-CA, HalcomCA, AC NLB).<\/li>\n<\/ul>\n\n\n\n<p class=\"wp-block-paragraph\"><strong>POZOR: Minimalni pogoj za pravilno delovanje Modrega Neta je uporaba brskalnika Internet Explorer 10 (oz. novej\u0161ih verzij). Na starej\u0161ih razli\u010dicah brskalnika Modri.Net ne deluje.<\/strong><\/p>\n\n\n\n<h2 class=\"wp-block-heading\">Kako za\u010deti<\/h2>\n\n\n\n<p class=\"wp-block-paragraph\">\u010ce&nbsp;<strong>digitalno potrdilo \u017ee imate<\/strong>, izpolnite in nam po\u0161ljite Obrazec za dolo\u010ditev, spremembo ali preklic poobla\u0161\u010denca za posredovanje in vzdr\u017eevanje podatkov in ga po\u0161ljite na naslov Modre zavarovalnice. Pazite, da se podatki ujemajo s podatki na pridobljenem digitalnem potrdilu.<\/p>\n\n\n\n<p class=\"wp-block-paragraph\"><strong>Postopek:<\/strong><br>Angle\u0161ka razli\u010dica: odprite<br>Internet Explorer|Tools|InternetOptions|Content|Certificates.<\/p>\n\n\n\n<p class=\"wp-block-paragraph\">Slovenska razli\u010dica: odprite<br>Internet Explorer|Orodja|Internetne mo\u017enosti|Vsebina|Certifikati<\/p>\n\n\n\n<p class=\"wp-block-paragraph\">\u010ce&nbsp;<strong>digitalnega potrdila \u0161e nimate<\/strong>, boste morali izpolniti dva obrazca, in sicer:<\/p>\n\n\n\n<ul class=\"wp-block-list\">\n<li><a href=\"https:\/\/modra.si\/wp-content\/uploads\/2024\/02\/dolocitev-pooblascenca-podatkiKPSJU-1.docx\" target=\"_blank\" rel=\"noreferrer noopener\">Obrazec za dolo\u010ditev, spremembo ali preklic poobla\u0161\u010denca za posredovanje in vzdr\u017eevanje podatkov<\/a><\/li>\n\n\n\n<li>Zahtevek za digitalno potrdilo (zahtevek lahko pridobite&nbsp;<a href=\"https:\/\/www.si-trust.gov.si\/\" target=\"_blank\" rel=\"noreferrer noopener\">tukaj<\/a>)<\/li>\n<\/ul>\n\n\n\n<p class=\"wp-block-paragraph\">Obrazec za dolo\u010ditev, spremembo ali preklic poobla\u0161\u010denca za posredovanje in vzdr\u017eevanje podatkov po\u0161ljite na naslov Modre zavarovalnice, zahtevek za digitalno potrdilo pa po\u0161ljite eni od izbranih poobla\u0161\u010denih overiteljskih agencij (<a href=\"https:\/\/www.si-trust.gov.si\/\" target=\"_blank\" rel=\"noreferrer noopener\">SIGEN-CA<\/a>&nbsp;ali&nbsp;<a href=\"https:\/\/www.posita.si\/\" target=\"_blank\" rel=\"noreferrer noopener\">POSTA\u00aeCA<\/a>). Pazite, da se podatki na obeh obrazcih ujemajo.<\/p>\n\n\n\n<p class=\"wp-block-paragraph\">SIGEN-CA<\/p>\n\n\n\n<p class=\"wp-block-paragraph\">Izberite digitalno potrdilo namenjeno za poslovne subjekte. Izberete lahko med spletnim ali posebnim digitalnim potrdilom in izpolnite&nbsp;<a href=\"https:\/\/www.si-trust.gov.si\/sl\/digitalna-potrdila\/poslovni-subjekti\/\" target=\"_blank\" rel=\"noreferrer noopener\">VLOGO<\/a>.<\/p>\n\n\n\n<p class=\"wp-block-paragraph\">POSTA\u00aeCA<\/p>\n\n\n\n<p class=\"wp-block-paragraph\">Izberite digitalno potrdilo namenjeno za pravne osebe. Izberete lahko med standardnim kvalificiranim digitalnim potrdilom ali standardnim kvalificiranim digitalnim potrdilom z obvezno uporabo pametne kartice, tako da izpolnite&nbsp;<a href=\"https:\/\/postarca.posta.si\/vloge-pravne-osebe\/\" target=\"_blank\" rel=\"noreferrer noopener\">VLOGO<\/a>.<\/p>\n\n\n\n<hr class=\"wp-block-separator has-alpha-channel-opacity\"\/>\n\n\n\n<p class=\"wp-block-paragraph\">Navodila<\/p>\n\n\n\n<ul class=\"wp-block-list\">\n<li><a href=\"https:\/\/modra.si\/wp-content\/uploads\/2024\/02\/Uporabniska_navodila_ModriNet.pdf\" target=\"_blank\" rel=\"noreferrer noopener\">Uporabni\u0161ka navodila za spletno storitev Modri.Net<\/a><\/li>\n\n\n\n<li><a href=\"https:\/\/modra.si\/wp-content\/uploads\/2024\/02\/Izmenjava-podatkov-spletni-servis-navodilo.pdf\" target=\"_blank\" rel=\"noreferrer noopener\">Navodila za izmenjavo podatkov z uporabo spletnega servisa<\/a><\/li>\n\n\n\n<li><a href=\"https:\/\/modra.si\/wp-content\/uploads\/2024\/02\/Premije-JU.pdf\" target=\"_blank\" rel=\"noreferrer noopener\">Mese\u010dne premije javnih uslu\u017ebencev<\/a><\/li>\n<\/ul>\n\n\n\n<p class=\"wp-block-paragraph\">Obrazci<\/p>\n\n\n\n<ul class=\"wp-block-list\">\n<li><a href=\"https:\/\/modra.si\/wp-content\/uploads\/2024\/02\/dolocitev-pooblascenca-podatkiKPSJU.docx\" target=\"_blank\" rel=\"noreferrer noopener\">Dolo\u010ditev, sprememba ali preklic poobla\u0161\u010denca za posredovanje in vzdr\u017eevanje podatkov<\/a><\/li>\n<\/ul>\n\n\n\n<hr class=\"wp-block-separator has-alpha-channel-opacity\"\/>\n\n\n\n<p class=\"wp-block-paragraph\">Izpolnjene obrazce lahko po\u0161ljete:<\/p>\n\n\n\n<ul class=\"wp-block-list\">\n<li>po navadni po\u0161ti na naslov: Modra zavarovalnica, d. d., Dunajska cesta 119, 1000 Ljubljana;<\/li>\n\n\n\n<li>skenirane preko e-po\u0161te na naslov:&nbsp;<a href=\"mailto:info@modra.si\">info@modra.si<\/a>&nbsp;ali<\/li>\n\n\n\n<li>po faksu na \u0161tevilko: 01 47 46 754<\/li>\n<\/ul>\n\n\n\n<div class=\"wp-block-buttons is-content-justification-center is-layout-flex wp-container-core-buttons-is-layout-fe48e5de wp-block-buttons-is-layout-flex\">\n<div class=\"wp-block-button has-custom-width wp-block-button__width-50\"><a class=\"wp-block-button__link wp-element-button\" href=\"https:\/\/e.modra.si\/\">Vstopi v ModriNet<\/a><\/div>\n<\/div>\n\n\n\n<p class=\"wp-block-paragraph\"><\/p>\n","protected":false},"excerpt":{"rendered":"<p>ModriNet je spletna storitev, namenjena pregledovanju in izmenjavi podatkov med delodajalcem, ki za svoje zaposlene pla\u010duje premije dodatnega pokojninskega zavarovanja in Modro zavarovalnico. Storitev je preprosta za uporabo, zadostuje vsem varnostnim zahtevam spletnih aplikacij ter zasleduje najnovej\u0161e tehni\u010dne usmeritve in priporo\u010dila. ModriNet omogo\u010da: Storitev ModriNet omogo\u010da tako \u00bbbralni na\u010din\u00ab prijave, preko katerega lahko vzpostavite prvi [&hellip;]<\/p>\n","protected":false},"author":2,"featured_media":0,"parent":0,"menu_order":0,"comment_status":"closed","ping_status":"closed","template":"","meta":{"_acf_changed":false,"_crdt_document":"","inline_featured_image":false,"footnotes":""},"class_list":["post-9071","page","type-page","status-publish","hentry"],"acf":[],"yoast_head":"<!-- This site is optimized with the Yoast SEO plugin v27.4 - https:\/\/yoast.com\/product\/yoast-seo-wordpress\/ -->\n<title>Modri.Net - Modra zavarovalnica, d.d.<\/title>\n<meta name=\"description\" content=\"Modri.Net omogo\u010da pregledovanje in izmenjavo podatkov med delodajalcem, ki za zaposlene pla\u010duje premije dodatnega pokojninskega zavarovanja, in Modro.\" \/>\n<meta name=\"robots\" content=\"index, follow, max-snippet:-1, max-image-preview:large, max-video-preview:-1\" \/>\n<link rel=\"canonical\" href=\"https:\/\/modra.si\/en\/modri-net\/\" \/>\n<meta property=\"og:locale\" content=\"en_US\" \/>\n<meta property=\"og:type\" content=\"article\" \/>\n<meta property=\"og:title\" content=\"Modri.Net - Modra zavarovalnica, d.d.\" \/>\n<meta property=\"og:description\" content=\"Modri.Net omogo\u010da pregledovanje in izmenjavo podatkov med delodajalcem, ki za zaposlene pla\u010duje premije dodatnega pokojninskega zavarovanja, in Modro.\" \/>\n<meta property=\"og:url\" content=\"https:\/\/modra.si\/en\/modri-net\/\" \/>\n<meta property=\"og:site_name\" content=\"Modra zavarovalnica\" \/>\n<meta property=\"article:modified_time\" content=\"2026-03-10T09:04:41+00:00\" \/>\n<meta property=\"og:image\" content=\"https:\/\/modra.si\/wp-content\/uploads\/2026\/02\/Novice.jpg\" \/>\n<meta name=\"twitter:card\" content=\"summary_large_image\" \/>\n<meta name=\"twitter:label1\" content=\"Est. reading time\" \/>\n\t<meta name=\"twitter:data1\" content=\"3 minutes\" \/>\n<script type=\"application\/ld+json\" class=\"yoast-schema-graph\">{\"@context\":\"https:\\\/\\\/schema.org\",\"@graph\":[{\"@type\":\"WebPage\",\"@id\":\"https:\\\/\\\/modra.si\\\/en\\\/modri-net\\\/\",\"url\":\"https:\\\/\\\/modra.si\\\/en\\\/modri-net\\\/\",\"name\":\"Modri.Net - Modra zavarovalnica, d.d.\",\"isPartOf\":{\"@id\":\"https:\\\/\\\/modra.si\\\/en\\\/#website\"},\"datePublished\":\"2024-02-01T18:28:46+00:00\",\"dateModified\":\"2026-03-10T09:04:41+00:00\",\"description\":\"Modri.Net omogo\u010da pregledovanje in izmenjavo podatkov med delodajalcem, ki za zaposlene pla\u010duje premije dodatnega pokojninskega zavarovanja, in Modro.\",\"breadcrumb\":{\"@id\":\"https:\\\/\\\/modra.si\\\/en\\\/modri-net\\\/#breadcrumb\"},\"inLanguage\":\"en-US\",\"potentialAction\":[{\"@type\":\"ReadAction\",\"target\":[\"https:\\\/\\\/modra.si\\\/en\\\/modri-net\\\/\"]}]},{\"@type\":\"BreadcrumbList\",\"@id\":\"https:\\\/\\\/modra.si\\\/en\\\/modri-net\\\/#breadcrumb\",\"itemListElement\":[{\"@type\":\"ListItem\",\"position\":1,\"name\":\"Home\",\"item\":\"https:\\\/\\\/modra.si\\\/en\\\/\"},{\"@type\":\"ListItem\",\"position\":2,\"name\":\"ModriNet\"}]},{\"@type\":\"WebSite\",\"@id\":\"https:\\\/\\\/modra.si\\\/en\\\/#website\",\"url\":\"https:\\\/\\\/modra.si\\\/en\\\/\",\"name\":\"Modra zavarovalnica\",\"description\":\"Dobrodo\u0161li!\",\"potentialAction\":[{\"@type\":\"SearchAction\",\"target\":{\"@type\":\"EntryPoint\",\"urlTemplate\":\"https:\\\/\\\/modra.si\\\/en\\\/?s={search_term_string}\"},\"query-input\":{\"@type\":\"PropertyValueSpecification\",\"valueRequired\":true,\"valueName\":\"search_term_string\"}}],\"inLanguage\":\"en-US\"}]}<\/script>\n<!-- \/ Yoast SEO plugin. -->","yoast_head_json":{"title":"Modri.Net - Modra zavarovalnica, d.d.","description":"Modri.Net omogo\u010da pregledovanje in izmenjavo podatkov med delodajalcem, ki za zaposlene pla\u010duje premije dodatnega pokojninskega zavarovanja, in Modro.","robots":{"index":"index","follow":"follow","max-snippet":"max-snippet:-1","max-image-preview":"max-image-preview:large","max-video-preview":"max-video-preview:-1"},"canonical":"https:\/\/modra.si\/en\/modri-net\/","og_locale":"en_US","og_type":"article","og_title":"Modri.Net - Modra zavarovalnica, d.d.","og_description":"Modri.Net omogo\u010da pregledovanje in izmenjavo podatkov med delodajalcem, ki za zaposlene pla\u010duje premije dodatnega pokojninskega zavarovanja, in Modro.","og_url":"https:\/\/modra.si\/en\/modri-net\/","og_site_name":"Modra zavarovalnica","article_modified_time":"2026-03-10T09:04:41+00:00","og_image":[{"url":"https:\/\/modra.si\/wp-content\/uploads\/2026\/02\/Novice.jpg","type":"","width":"","height":""}],"twitter_card":"summary_large_image","twitter_misc":{"Est. reading time":"3 minutes"},"schema":{"@context":"https:\/\/schema.org","@graph":[{"@type":"WebPage","@id":"https:\/\/modra.si\/en\/modri-net\/","url":"https:\/\/modra.si\/en\/modri-net\/","name":"Modri.Net - Modra zavarovalnica, d.d.","isPartOf":{"@id":"https:\/\/modra.si\/en\/#website"},"datePublished":"2024-02-01T18:28:46+00:00","dateModified":"2026-03-10T09:04:41+00:00","description":"Modri.Net omogo\u010da pregledovanje in izmenjavo podatkov med delodajalcem, ki za zaposlene pla\u010duje premije dodatnega pokojninskega zavarovanja, in Modro.","breadcrumb":{"@id":"https:\/\/modra.si\/en\/modri-net\/#breadcrumb"},"inLanguage":"en-US","potentialAction":[{"@type":"ReadAction","target":["https:\/\/modra.si\/en\/modri-net\/"]}]},{"@type":"BreadcrumbList","@id":"https:\/\/modra.si\/en\/modri-net\/#breadcrumb","itemListElement":[{"@type":"ListItem","position":1,"name":"Home","item":"https:\/\/modra.si\/en\/"},{"@type":"ListItem","position":2,"name":"ModriNet"}]},{"@type":"WebSite","@id":"https:\/\/modra.si\/en\/#website","url":"https:\/\/modra.si\/en\/","name":"Modra zavarovalnica","description":"Dobrodo\u0161li!","potentialAction":[{"@type":"SearchAction","target":{"@type":"EntryPoint","urlTemplate":"https:\/\/modra.si\/en\/?s={search_term_string}"},"query-input":{"@type":"PropertyValueSpecification","valueRequired":true,"valueName":"search_term_string"}}],"inLanguage":"en-US"}]}},"_links":{"self":[{"href":"https:\/\/modra.si\/en\/wp-json\/wp\/v2\/pages\/9071","targetHints":{"allow":["GET"]}}],"collection":[{"href":"https:\/\/modra.si\/en\/wp-json\/wp\/v2\/pages"}],"about":[{"href":"https:\/\/modra.si\/en\/wp-json\/wp\/v2\/types\/page"}],"author":[{"embeddable":true,"href":"https:\/\/modra.si\/en\/wp-json\/wp\/v2\/users\/2"}],"replies":[{"embeddable":true,"href":"https:\/\/modra.si\/en\/wp-json\/wp\/v2\/comments?post=9071"}],"version-history":[{"count":14,"href":"https:\/\/modra.si\/en\/wp-json\/wp\/v2\/pages\/9071\/revisions"}],"predecessor-version":[{"id":11882,"href":"https:\/\/modra.si\/en\/wp-json\/wp\/v2\/pages\/9071\/revisions\/11882"}],"wp:attachment":[{"href":"https:\/\/modra.si\/en\/wp-json\/wp\/v2\/media?parent=9071"}],"curies":[{"name":"wp","href":"https:\/\/api.w.org\/{rel}","templated":true}]}}