{"id":9080,"date":"2024-01-30T10:09:50","date_gmt":"2024-01-30T10:09:50","guid":{"rendered":"https:\/\/modra.si\/pravno-obvestilo\/"},"modified":"2026-03-10T09:04:40","modified_gmt":"2026-03-10T09:04:40","slug":"legal-notice","status":"publish","type":"page","link":"https:\/\/modra.si\/en\/legal-notice\/","title":{"rendered":"Legal notice"},"content":{"rendered":"\n<p class=\"wp-block-paragraph\">Vse vsebine, objavljene na <a href=\"https:\/\/www.modra.si\">www.modra.si<\/a>, so last Modre zavarovalnice, d. d., in se lahko uporabljajo le v nekomercialne namene. Brez dovoljenja Modre zavarovalnice, d. d., se jih ne sme kopirati, razmno\u017eevati ali distribuirati na kakr\u0161en koli drug na\u010din.<\/p>\n\n\n\n<p class=\"wp-block-paragraph\">Modra zavarovalnica, d. d., ni odgovorna za morebitne ob\u010dasne te\u017eave pri delovanju spletne strani <a href=\"https:\/\/www.modra.si\">www.modra.si<\/a>, morebitno neto\u010dnost informacij in tudi ne za morebitno \u0161kodo nastalo zaradi uporabe neto\u010dnih ali nepopolnih informacij. Modra zavarovalnica, d. d., si pridr\u017euje pravico do sprememb vsebin,&nbsp; objavljenih na spletni strani <a href=\"https:\/\/www.modra.si\">www.modra.si<\/a>.<\/p>\n","protected":false},"excerpt":{"rendered":"<p>Vse vsebine, objavljene na www.modra.si, so last Modre zavarovalnice, d. d., in se lahko uporabljajo le v nekomercialne namene. Brez dovoljenja Modre zavarovalnice, d. d., se jih ne sme kopirati, razmno\u017eevati ali distribuirati na kakr\u0161en koli drug na\u010din. Modra zavarovalnica, d. d., ni odgovorna za morebitne ob\u010dasne te\u017eave pri delovanju spletne strani www.modra.si, morebitno neto\u010dnost [&hellip;]<\/p>\n","protected":false},"author":1,"featured_media":0,"parent":0,"menu_order":0,"comment_status":"closed","ping_status":"closed","template":"","meta":{"_acf_changed":false,"_crdt_document":"","inline_featured_image":false,"footnotes":""},"class_list":["post-9080","page","type-page","status-publish","hentry"],"acf":[],"yoast_head":"<!-- This site is optimized with the Yoast SEO plugin v27.4 - https:\/\/yoast.com\/product\/yoast-seo-wordpress\/ -->\n<title>Pravno obvestilo - Modra zavarovalnica, d.d.<\/title>\n<meta name=\"description\" content=\"Vse vsebine, objavljene na www.modra.si, so last Modre zavarovalnice , d. d. in se lahko uporabljajo le v nekomercialne namene.\" \/>\n<meta name=\"robots\" content=\"index, follow, max-snippet:-1, max-image-preview:large, max-video-preview:-1\" \/>\n<link rel=\"canonical\" href=\"https:\/\/modra.si\/en\/legal-notice\/\" \/>\n<meta property=\"og:locale\" content=\"en_US\" \/>\n<meta property=\"og:type\" content=\"article\" \/>\n<meta property=\"og:title\" content=\"Pravno obvestilo - Modra zavarovalnica, d.d.\" \/>\n<meta property=\"og:description\" content=\"Vse vsebine, objavljene na www.modra.si, so last Modre zavarovalnice , d. d. in se lahko uporabljajo le v nekomercialne namene.\" \/>\n<meta property=\"og:url\" content=\"https:\/\/modra.si\/en\/legal-notice\/\" \/>\n<meta property=\"og:site_name\" content=\"Modra zavarovalnica\" \/>\n<meta property=\"article:modified_time\" content=\"2026-03-10T09:04:40+00:00\" \/>\n<meta property=\"og:image\" content=\"https:\/\/modra.si\/wp-content\/uploads\/2026\/02\/Novice.jpg\" \/>\n<meta name=\"twitter:card\" content=\"summary_large_image\" \/>\n<meta name=\"twitter:label1\" content=\"Est. reading time\" \/>\n\t<meta name=\"twitter:data1\" content=\"1 minute\" \/>\n<script type=\"application\/ld+json\" class=\"yoast-schema-graph\">{\"@context\":\"https:\\\/\\\/schema.org\",\"@graph\":[{\"@type\":\"WebPage\",\"@id\":\"https:\\\/\\\/modra.si\\\/en\\\/legal-notice\\\/\",\"url\":\"https:\\\/\\\/modra.si\\\/en\\\/legal-notice\\\/\",\"name\":\"Pravno obvestilo - Modra zavarovalnica, d.d.\",\"isPartOf\":{\"@id\":\"https:\\\/\\\/modra.si\\\/en\\\/#website\"},\"datePublished\":\"2024-01-30T10:09:50+00:00\",\"dateModified\":\"2026-03-10T09:04:40+00:00\",\"description\":\"Vse vsebine, objavljene na www.modra.si, so last Modre zavarovalnice , d. d. in se lahko uporabljajo le v nekomercialne namene.\",\"breadcrumb\":{\"@id\":\"https:\\\/\\\/modra.si\\\/en\\\/legal-notice\\\/#breadcrumb\"},\"inLanguage\":\"en-US\",\"potentialAction\":[{\"@type\":\"ReadAction\",\"target\":[\"https:\\\/\\\/modra.si\\\/en\\\/legal-notice\\\/\"]}]},{\"@type\":\"BreadcrumbList\",\"@id\":\"https:\\\/\\\/modra.si\\\/en\\\/legal-notice\\\/#breadcrumb\",\"itemListElement\":[{\"@type\":\"ListItem\",\"position\":1,\"name\":\"Home\",\"item\":\"https:\\\/\\\/modra.si\\\/en\\\/\"},{\"@type\":\"ListItem\",\"position\":2,\"name\":\"Legal notice\"}]},{\"@type\":\"WebSite\",\"@id\":\"https:\\\/\\\/modra.si\\\/en\\\/#website\",\"url\":\"https:\\\/\\\/modra.si\\\/en\\\/\",\"name\":\"Modra zavarovalnica\",\"description\":\"Dobrodo\u0161li!\",\"potentialAction\":[{\"@type\":\"SearchAction\",\"target\":{\"@type\":\"EntryPoint\",\"urlTemplate\":\"https:\\\/\\\/modra.si\\\/en\\\/?s={search_term_string}\"},\"query-input\":{\"@type\":\"PropertyValueSpecification\",\"valueRequired\":true,\"valueName\":\"search_term_string\"}}],\"inLanguage\":\"en-US\"}]}<\/script>\n<!-- \/ Yoast SEO plugin. -->","yoast_head_json":{"title":"Pravno obvestilo - Modra zavarovalnica, d.d.","description":"Vse vsebine, objavljene na www.modra.si, so last Modre zavarovalnice , d. d. in se lahko uporabljajo le v nekomercialne namene.","robots":{"index":"index","follow":"follow","max-snippet":"max-snippet:-1","max-image-preview":"max-image-preview:large","max-video-preview":"max-video-preview:-1"},"canonical":"https:\/\/modra.si\/en\/legal-notice\/","og_locale":"en_US","og_type":"article","og_title":"Pravno obvestilo - Modra zavarovalnica, d.d.","og_description":"Vse vsebine, objavljene na www.modra.si, so last Modre zavarovalnice , d. d. in se lahko uporabljajo le v nekomercialne namene.","og_url":"https:\/\/modra.si\/en\/legal-notice\/","og_site_name":"Modra zavarovalnica","article_modified_time":"2026-03-10T09:04:40+00:00","og_image":[{"url":"https:\/\/modra.si\/wp-content\/uploads\/2026\/02\/Novice.jpg","type":"","width":"","height":""}],"twitter_card":"summary_large_image","twitter_misc":{"Est. reading time":"1 minute"},"schema":{"@context":"https:\/\/schema.org","@graph":[{"@type":"WebPage","@id":"https:\/\/modra.si\/en\/legal-notice\/","url":"https:\/\/modra.si\/en\/legal-notice\/","name":"Pravno obvestilo - Modra zavarovalnica, d.d.","isPartOf":{"@id":"https:\/\/modra.si\/en\/#website"},"datePublished":"2024-01-30T10:09:50+00:00","dateModified":"2026-03-10T09:04:40+00:00","description":"Vse vsebine, objavljene na www.modra.si, so last Modre zavarovalnice , d. d. in se lahko uporabljajo le v nekomercialne namene.","breadcrumb":{"@id":"https:\/\/modra.si\/en\/legal-notice\/#breadcrumb"},"inLanguage":"en-US","potentialAction":[{"@type":"ReadAction","target":["https:\/\/modra.si\/en\/legal-notice\/"]}]},{"@type":"BreadcrumbList","@id":"https:\/\/modra.si\/en\/legal-notice\/#breadcrumb","itemListElement":[{"@type":"ListItem","position":1,"name":"Home","item":"https:\/\/modra.si\/en\/"},{"@type":"ListItem","position":2,"name":"Legal notice"}]},{"@type":"WebSite","@id":"https:\/\/modra.si\/en\/#website","url":"https:\/\/modra.si\/en\/","name":"Modra zavarovalnica","description":"Dobrodo\u0161li!","potentialAction":[{"@type":"SearchAction","target":{"@type":"EntryPoint","urlTemplate":"https:\/\/modra.si\/en\/?s={search_term_string}"},"query-input":{"@type":"PropertyValueSpecification","valueRequired":true,"valueName":"search_term_string"}}],"inLanguage":"en-US"}]}},"_links":{"self":[{"href":"https:\/\/modra.si\/en\/wp-json\/wp\/v2\/pages\/9080","targetHints":{"allow":["GET"]}}],"collection":[{"href":"https:\/\/modra.si\/en\/wp-json\/wp\/v2\/pages"}],"about":[{"href":"https:\/\/modra.si\/en\/wp-json\/wp\/v2\/types\/page"}],"author":[{"embeddable":true,"href":"https:\/\/modra.si\/en\/wp-json\/wp\/v2\/users\/1"}],"replies":[{"embeddable":true,"href":"https:\/\/modra.si\/en\/wp-json\/wp\/v2\/comments?post=9080"}],"version-history":[{"count":1,"href":"https:\/\/modra.si\/en\/wp-json\/wp\/v2\/pages\/9080\/revisions"}],"predecessor-version":[{"id":10207,"href":"https:\/\/modra.si\/en\/wp-json\/wp\/v2\/pages\/9080\/revisions\/10207"}],"wp:attachment":[{"href":"https:\/\/modra.si\/en\/wp-json\/wp\/v2\/media?parent=9080"}],"curies":[{"name":"wp","href":"https:\/\/api.w.org\/{rel}","templated":true}]}}