{"id":9538,"date":"2024-02-02T09:50:28","date_gmt":"2024-02-02T09:50:28","guid":{"rendered":"https:\/\/modra.si\/informativni-izracuni\/"},"modified":"2026-03-10T09:04:40","modified_gmt":"2026-03-10T09:04:40","slug":"indicative-calculation","status":"publish","type":"page","link":"https:\/\/modra.si\/en\/indicative-calculation\/","title":{"rendered":"Indicative calculation"},"content":{"rendered":"","protected":false},"excerpt":{"rendered":"","protected":false},"author":1,"featured_media":0,"parent":0,"menu_order":0,"comment_status":"closed","ping_status":"closed","template":"template-informativni-izracuni.php","meta":{"_acf_changed":false,"_crdt_document":"","inline_featured_image":false,"footnotes":""},"class_list":["post-9538","page","type-page","status-publish","hentry"],"acf":[],"yoast_head":"<!-- This site is optimized with the Yoast SEO plugin v27.4 - https:\/\/yoast.com\/product\/yoast-seo-wordpress\/ -->\n<title>Informativni izra\u010duni - Modra zavarovalnica, d.d.<\/title>\n<meta name=\"description\" content=\"Izra\u010dun vi\u0161ine dav\u010dne olaj\u0161ave, ki jo lahko pridobite z var\u010devanjem v pokojninskem skladu. Izra\u010dunajte tudi vi\u0161ino svoje pokojninske rente.\" \/>\n<meta name=\"robots\" content=\"index, follow, max-snippet:-1, max-image-preview:large, max-video-preview:-1\" \/>\n<link rel=\"canonical\" href=\"https:\/\/modra.si\/en\/indicative-calculation\/\" \/>\n<meta property=\"og:locale\" content=\"en_US\" \/>\n<meta property=\"og:type\" content=\"article\" \/>\n<meta property=\"og:title\" content=\"Informativni izra\u010duni - Modra zavarovalnica, d.d.\" \/>\n<meta property=\"og:description\" content=\"Izra\u010dun vi\u0161ine dav\u010dne olaj\u0161ave, ki jo lahko pridobite z var\u010devanjem v pokojninskem skladu. Izra\u010dunajte tudi vi\u0161ino svoje pokojninske rente.\" \/>\n<meta property=\"og:url\" content=\"https:\/\/modra.si\/en\/indicative-calculation\/\" \/>\n<meta property=\"og:site_name\" content=\"Modra zavarovalnica\" \/>\n<meta property=\"article:modified_time\" content=\"2026-03-10T09:04:40+00:00\" \/>\n<meta property=\"og:image\" content=\"https:\/\/modra.si\/wp-content\/uploads\/2026\/02\/Novice.jpg\" \/>\n<meta name=\"twitter:card\" content=\"summary_large_image\" \/>\n<script type=\"application\/ld+json\" class=\"yoast-schema-graph\">{\"@context\":\"https:\\\/\\\/schema.org\",\"@graph\":[{\"@type\":\"WebPage\",\"@id\":\"https:\\\/\\\/modra.si\\\/en\\\/indicative-calculation\\\/\",\"url\":\"https:\\\/\\\/modra.si\\\/en\\\/indicative-calculation\\\/\",\"name\":\"Informativni izra\u010duni - Modra zavarovalnica, d.d.\",\"isPartOf\":{\"@id\":\"https:\\\/\\\/modra.si\\\/en\\\/#website\"},\"datePublished\":\"2024-02-02T09:50:28+00:00\",\"dateModified\":\"2026-03-10T09:04:40+00:00\",\"description\":\"Izra\u010dun vi\u0161ine dav\u010dne olaj\u0161ave, ki jo lahko pridobite z var\u010devanjem v pokojninskem skladu. Izra\u010dunajte tudi vi\u0161ino svoje pokojninske rente.\",\"breadcrumb\":{\"@id\":\"https:\\\/\\\/modra.si\\\/en\\\/indicative-calculation\\\/#breadcrumb\"},\"inLanguage\":\"en-US\",\"potentialAction\":[{\"@type\":\"ReadAction\",\"target\":[\"https:\\\/\\\/modra.si\\\/en\\\/indicative-calculation\\\/\"]}]},{\"@type\":\"BreadcrumbList\",\"@id\":\"https:\\\/\\\/modra.si\\\/en\\\/indicative-calculation\\\/#breadcrumb\",\"itemListElement\":[{\"@type\":\"ListItem\",\"position\":1,\"name\":\"Home\",\"item\":\"https:\\\/\\\/modra.si\\\/en\\\/\"},{\"@type\":\"ListItem\",\"position\":2,\"name\":\"Indicative calculation\"}]},{\"@type\":\"WebSite\",\"@id\":\"https:\\\/\\\/modra.si\\\/en\\\/#website\",\"url\":\"https:\\\/\\\/modra.si\\\/en\\\/\",\"name\":\"Modra zavarovalnica\",\"description\":\"Dobrodo\u0161li!\",\"potentialAction\":[{\"@type\":\"SearchAction\",\"target\":{\"@type\":\"EntryPoint\",\"urlTemplate\":\"https:\\\/\\\/modra.si\\\/en\\\/?s={search_term_string}\"},\"query-input\":{\"@type\":\"PropertyValueSpecification\",\"valueRequired\":true,\"valueName\":\"search_term_string\"}}],\"inLanguage\":\"en-US\"}]}<\/script>\n<!-- \/ Yoast SEO plugin. -->","yoast_head_json":{"title":"Informativni izra\u010duni - Modra zavarovalnica, d.d.","description":"Izra\u010dun vi\u0161ine dav\u010dne olaj\u0161ave, ki jo lahko pridobite z var\u010devanjem v pokojninskem skladu. Izra\u010dunajte tudi vi\u0161ino svoje pokojninske rente.","robots":{"index":"index","follow":"follow","max-snippet":"max-snippet:-1","max-image-preview":"max-image-preview:large","max-video-preview":"max-video-preview:-1"},"canonical":"https:\/\/modra.si\/en\/indicative-calculation\/","og_locale":"en_US","og_type":"article","og_title":"Informativni izra\u010duni - Modra zavarovalnica, d.d.","og_description":"Izra\u010dun vi\u0161ine dav\u010dne olaj\u0161ave, ki jo lahko pridobite z var\u010devanjem v pokojninskem skladu. Izra\u010dunajte tudi vi\u0161ino svoje pokojninske rente.","og_url":"https:\/\/modra.si\/en\/indicative-calculation\/","og_site_name":"Modra zavarovalnica","article_modified_time":"2026-03-10T09:04:40+00:00","og_image":[{"url":"https:\/\/modra.si\/wp-content\/uploads\/2026\/02\/Novice.jpg","type":"","width":"","height":""}],"twitter_card":"summary_large_image","schema":{"@context":"https:\/\/schema.org","@graph":[{"@type":"WebPage","@id":"https:\/\/modra.si\/en\/indicative-calculation\/","url":"https:\/\/modra.si\/en\/indicative-calculation\/","name":"Informativni izra\u010duni - Modra zavarovalnica, d.d.","isPartOf":{"@id":"https:\/\/modra.si\/en\/#website"},"datePublished":"2024-02-02T09:50:28+00:00","dateModified":"2026-03-10T09:04:40+00:00","description":"Izra\u010dun vi\u0161ine dav\u010dne olaj\u0161ave, ki jo lahko pridobite z var\u010devanjem v pokojninskem skladu. Izra\u010dunajte tudi vi\u0161ino svoje pokojninske rente.","breadcrumb":{"@id":"https:\/\/modra.si\/en\/indicative-calculation\/#breadcrumb"},"inLanguage":"en-US","potentialAction":[{"@type":"ReadAction","target":["https:\/\/modra.si\/en\/indicative-calculation\/"]}]},{"@type":"BreadcrumbList","@id":"https:\/\/modra.si\/en\/indicative-calculation\/#breadcrumb","itemListElement":[{"@type":"ListItem","position":1,"name":"Home","item":"https:\/\/modra.si\/en\/"},{"@type":"ListItem","position":2,"name":"Indicative calculation"}]},{"@type":"WebSite","@id":"https:\/\/modra.si\/en\/#website","url":"https:\/\/modra.si\/en\/","name":"Modra zavarovalnica","description":"Dobrodo\u0161li!","potentialAction":[{"@type":"SearchAction","target":{"@type":"EntryPoint","urlTemplate":"https:\/\/modra.si\/en\/?s={search_term_string}"},"query-input":{"@type":"PropertyValueSpecification","valueRequired":true,"valueName":"search_term_string"}}],"inLanguage":"en-US"}]}},"_links":{"self":[{"href":"https:\/\/modra.si\/en\/wp-json\/wp\/v2\/pages\/9538","targetHints":{"allow":["GET"]}}],"collection":[{"href":"https:\/\/modra.si\/en\/wp-json\/wp\/v2\/pages"}],"about":[{"href":"https:\/\/modra.si\/en\/wp-json\/wp\/v2\/types\/page"}],"author":[{"embeddable":true,"href":"https:\/\/modra.si\/en\/wp-json\/wp\/v2\/users\/1"}],"replies":[{"embeddable":true,"href":"https:\/\/modra.si\/en\/wp-json\/wp\/v2\/comments?post=9538"}],"version-history":[{"count":3,"href":"https:\/\/modra.si\/en\/wp-json\/wp\/v2\/pages\/9538\/revisions"}],"predecessor-version":[{"id":10313,"href":"https:\/\/modra.si\/en\/wp-json\/wp\/v2\/pages\/9538\/revisions\/10313"}],"wp:attachment":[{"href":"https:\/\/modra.si\/en\/wp-json\/wp\/v2\/media?parent=9538"}],"curies":[{"name":"wp","href":"https:\/\/api.w.org\/{rel}","templated":true}]}}